{"id":286,"date":"2023-10-12T15:08:28","date_gmt":"2023-10-12T13:08:28","guid":{"rendered":"https:\/\/learnscrum.alexandrecadel.fr\/?page_id=286"},"modified":"2023-10-15T23:33:43","modified_gmt":"2023-10-15T21:33:43","slug":"chap-5-a-retenir","status":"publish","type":"page","link":"https:\/\/learnscrum.alexandrecadel.fr\/index.php\/chap-5-a-retenir\/","title":{"rendered":"Chap 5 &#8211; L&#8217;essentiel \u00e0 retenir"},"content":{"rendered":"\t\t<div data-elementor-type=\"wp-page\" data-elementor-id=\"286\" class=\"elementor elementor-286\">\n\t\t\t\t\t\t\t<div class=\"elementor-element elementor-element-1668a26 e-flex e-con-boxed e-con e-parent\" data-id=\"1668a26\" data-element_type=\"container\" data-settings='{\"content_width\":\"boxed\"}' data-core-v316-plus=\"true\">\n\t\t\t\t\t<div class=\"e-con-inner\">\n\t\t\t\t<div class=\"elementor-element elementor-element-c09ac80 elementor-widget elementor-widget-heading\" data-id=\"c09ac80\" data-element_type=\"widget\" data-widget_type=\"heading.default\">\n\t\t\t\t<div class=\"elementor-widget-container\">\n\t\t\t<style>\/*! elementor - v3.16.0 - 13-09-2023 *\/\n.elementor-heading-title{padding:0;margin:0;line-height:1}.elementor-widget-heading .elementor-heading-title[class*=elementor-size-]>a{color:inherit;font-size:inherit;line-height:inherit}.elementor-widget-heading .elementor-heading-title.elementor-size-small{font-size:15px}.elementor-widget-heading .elementor-heading-title.elementor-size-medium{font-size:19px}.elementor-widget-heading .elementor-heading-title.elementor-size-large{font-size:29px}.elementor-widget-heading .elementor-heading-title.elementor-size-xl{font-size:39px}.elementor-widget-heading .elementor-heading-title.elementor-size-xxl{font-size:59px}<\/style><h2 class=\"elementor-heading-title elementor-size-default\">Chapitre 5 : <span class=\"green-color\">Ce qu'il faut retenir<\/span><\/h2>\t\t<\/div>\n\t\t\t\t<\/div>\n\t\t\t\t\t<\/div>\n\t\t\t\t<\/div>\n\t\t<div class=\"elementor-element elementor-element-0753bba e-flex e-con-boxed e-con e-parent\" data-id=\"0753bba\" data-element_type=\"container\" data-settings='{\"content_width\":\"boxed\"}' data-core-v316-plus=\"true\">\n\t\t\t\t\t<div class=\"e-con-inner\">\n\t\t\t\t<div class=\"elementor-element elementor-element-f6a2365 elementor-widget elementor-widget-text-editor\" data-id=\"f6a2365\" data-element_type=\"widget\" data-widget_type=\"text-editor.default\">\n\t\t\t\t<div class=\"elementor-widget-container\">\n\t\t\t<style>\/*! elementor - v3.16.0 - 13-09-2023 *\/\n.elementor-widget-text-editor.elementor-drop-cap-view-stacked .elementor-drop-cap{background-color:#69727d;color:#fff}.elementor-widget-text-editor.elementor-drop-cap-view-framed .elementor-drop-cap{color:#69727d;border:3px solid;background-color:transparent}.elementor-widget-text-editor:not(.elementor-drop-cap-view-default) .elementor-drop-cap{margin-top:8px}.elementor-widget-text-editor:not(.elementor-drop-cap-view-default) .elementor-drop-cap-letter{width:1em;height:1em}.elementor-widget-text-editor .elementor-drop-cap{float:left;text-align:center;line-height:1;font-size:50px}.elementor-widget-text-editor .elementor-drop-cap-letter{display:inline-block}<\/style>\t\t\t\t<p>La m&eacute;thode Scrum est une <b>approche agile<\/b>&nbsp;de gestion de projet qui se concentre sur la <strong>flexibilit&eacute;<\/strong>, la <strong>collaboration<\/strong> et <strong>l&rsquo;adaptabilit&eacute;<\/strong>. Elle est particuli&egrave;rement adapt&eacute;e &agrave; la gestion de projets num&eacute;riques et offre de nombreux avantages.<\/p>\t\t\t\t\t\t<\/div>\n\t\t\t\t<\/div>\n\t\t\t\t\t<\/div>\n\t\t\t\t<\/div>\n\t\t<div class=\"elementor-element elementor-element-ca1f137 e-flex e-con-boxed e-con e-parent\" data-id=\"ca1f137\" data-element_type=\"container\" data-settings='{\"content_width\":\"boxed\"}' data-core-v316-plus=\"true\">\n\t\t\t\t\t<div class=\"e-con-inner\">\n\t\t\t\t<div class=\"elementor-element elementor-element-ba20a2a elementor-widget elementor-widget-heading\" data-id=\"ba20a2a\" data-element_type=\"widget\" data-widget_type=\"heading.default\">\n\t\t\t\t<div class=\"elementor-widget-container\">\n\t\t\t<h3 class=\"elementor-heading-title elementor-size-default\">Gestion d'un Projet Ax&eacute; sur le Num&eacute;rique<\/h3>\t\t<\/div>\n\t\t\t\t<\/div>\n\t\t\t\t\t<\/div>\n\t\t\t\t<\/div>\n\t\t<div class=\"elementor-element elementor-element-c0f247b e-flex e-con-boxed e-con e-parent\" data-id=\"c0f247b\" data-element_type=\"container\" data-settings='{\"content_width\":\"boxed\"}' data-core-v316-plus=\"true\">\n\t\t\t\t\t<div class=\"e-con-inner\">\n\t\t\t\t<div class=\"elementor-element elementor-element-58fb1ef elementor-widget elementor-widget-text-editor\" data-id=\"58fb1ef\" data-element_type=\"widget\" data-widget_type=\"text-editor.default\">\n\t\t\t\t<div class=\"elementor-widget-container\">\n\t\t\t\t\t\t\t<p>Scrum est con&ccedil;u pour r&eacute;pondre aux besoins des projets num&eacute;riques, tels que le <strong>d&eacute;veloppement de logiciels<\/strong>, la <strong>transformation num&eacute;rique<\/strong> et la cr&eacute;ation de produits technologiques. Il implique l&rsquo;utilisation d&rsquo;outils et de m&eacute;thodologies adapt&eacute;s &agrave; cet <strong>environnement en constante &eacute;volution<\/strong>.<\/p>\t\t\t\t\t\t<\/div>\n\t\t\t\t<\/div>\n\t\t\t\t\t<\/div>\n\t\t\t\t<\/div>\n\t\t<div class=\"elementor-element elementor-element-55734a1 e-flex e-con-boxed e-con e-parent\" data-id=\"55734a1\" data-element_type=\"container\" data-settings='{\"content_width\":\"boxed\"}' data-core-v316-plus=\"true\">\n\t\t\t\t\t<div class=\"e-con-inner\">\n\t\t\t\t<div class=\"elementor-element elementor-element-5826ad7 elementor-widget elementor-widget-heading\" data-id=\"5826ad7\" data-element_type=\"widget\" data-widget_type=\"heading.default\">\n\t\t\t\t<div class=\"elementor-widget-container\">\n\t\t\t<h2 class=\"elementor-heading-title elementor-size-default\">Les piliers SCRUM<\/h2>\t\t<\/div>\n\t\t\t\t<\/div>\n\t\t\t\t\t<\/div>\n\t\t\t\t<\/div>\n\t\t<div class=\"elementor-element elementor-element-e183ad7 e-flex e-con-boxed e-con e-parent\" data-id=\"e183ad7\" data-element_type=\"container\" data-settings='{\"content_width\":\"boxed\"}' data-core-v316-plus=\"true\">\n\t\t\t\t\t<div class=\"e-con-inner\">\n\t\t<div class=\"elementor-element elementor-element-374afee e-con-full e-flex e-con e-child\" data-id=\"374afee\" data-element_type=\"container\" data-settings='{\"content_width\":\"full\"}'>\n\t\t\t\t<div class=\"elementor-element elementor-element-6285540 elementor-widget elementor-widget-image\" data-id=\"6285540\" data-element_type=\"widget\" data-widget_type=\"image.default\">\n\t\t\t\t<div class=\"elementor-widget-container\">\n\t\t\t<style>\/*! elementor - v3.16.0 - 13-09-2023 *\/\n.elementor-widget-image{text-align:center}.elementor-widget-image a{display:inline-block}.elementor-widget-image a img[src$=\".svg\"]{width:48px}.elementor-widget-image img{vertical-align:middle;display:inline-block}<\/style>\t\t\t\t\t\t\t\t\t\t\t\t<img decoding=\"async\" loading=\"lazy\" width=\"768\" height=\"438\" src=\"https:\/\/learnscrum.alexandrecadel.fr\/wp-content\/uploads\/2023\/10\/Empiricism-of-scrum-768x438.png\" class=\"attachment-medium_large size-medium_large wp-image-393\" alt=\"Empirisme et les piliers Scrum\" srcset=\"https:\/\/learnscrum.alexandrecadel.fr\/wp-content\/uploads\/2023\/10\/Empiricism-of-scrum-768x438.png 768w, https:\/\/learnscrum.alexandrecadel.fr\/wp-content\/uploads\/2023\/10\/Empiricism-of-scrum-300x171.png 300w, https:\/\/learnscrum.alexandrecadel.fr\/wp-content\/uploads\/2023\/10\/Empiricism-of-scrum.png 800w\" sizes=\"(max-width: 768px) 100vw, 768px\">\t\t\t\t\t\t\t\t\t\t\t\t\t\t\t<\/div>\n\t\t\t\t<\/div>\n\t\t\t\t<\/div>\n\t\t<div class=\"elementor-element elementor-element-4c5d213 e-con-full e-flex e-con e-child\" data-id=\"4c5d213\" data-element_type=\"container\" data-settings='{\"content_width\":\"full\"}'>\n\t\t\t\t<div class=\"elementor-element elementor-element-38aef9c elementor-widget elementor-widget-text-editor\" data-id=\"38aef9c\" data-element_type=\"widget\" data-widget_type=\"text-editor.default\">\n\t\t\t\t<div class=\"elementor-widget-container\">\n\t\t\t\t\t\t\t<p><strong>Transparence<\/strong> : Toutes les informations sur le projet sont accessibles &agrave; l&rsquo;ensemble de l&rsquo;&eacute;quipe. Cela favorise une compr&eacute;hension commune des objectifs et des d&eacute;fis.<\/p><p>&nbsp;<\/p><p><strong>Inspection<\/strong> : Les &eacute;quipes Scrum inspectent r&eacute;guli&egrave;rement leur travail pour d&eacute;tecter les probl&egrave;mes et les am&eacute;liorations potentielles. Cela garantit une qualit&eacute; constante.<\/p><p>&nbsp;<\/p><p><strong>Adaptation<\/strong> :L&rsquo;adaptabilit&eacute; est au c&oelig;ur de Scrum. Les &eacute;quipes ajustent leur travail en fonction des enseignements tir&eacute;s de l&rsquo;inspection pour atteindre les objectifs du projet.<\/p>\t\t\t\t\t\t<\/div>\n\t\t\t\t<\/div>\n\t\t\t\t<\/div>\n\t\t\t\t\t<\/div>\n\t\t\t\t<\/div>\n\t\t<div class=\"elementor-element elementor-element-fe9fdce e-flex e-con-boxed e-con e-parent\" data-id=\"fe9fdce\" data-element_type=\"container\" data-settings='{\"content_width\":\"boxed\"}' data-core-v316-plus=\"true\">\n\t\t\t\t\t<div class=\"e-con-inner\">\n\t\t\t\t<div class=\"elementor-element elementor-element-dcaf8f3 elementor-widget elementor-widget-heading\" data-id=\"dcaf8f3\" data-element_type=\"widget\" data-widget_type=\"heading.default\">\n\t\t\t\t<div class=\"elementor-widget-container\">\n\t\t\t<h2 class=\"elementor-heading-title elementor-size-default\">Les r&ocirc;les cl&eacute;s<\/h2>\t\t<\/div>\n\t\t\t\t<\/div>\n\t\t\t\t\t<\/div>\n\t\t\t\t<\/div>\n\t\t<div class=\"elementor-element elementor-element-2ad390c e-flex e-con-boxed e-con e-parent\" data-id=\"2ad390c\" data-element_type=\"container\" data-settings='{\"content_width\":\"boxed\"}' data-core-v316-plus=\"true\">\n\t\t\t\t\t<div class=\"e-con-inner\">\n\t\t<div class=\"elementor-element elementor-element-60b7bd6 e-con-full e-flex e-con e-child\" data-id=\"60b7bd6\" data-element_type=\"container\" data-settings='{\"content_width\":\"full\"}'>\n\t\t\t\t<div class=\"elementor-element elementor-element-e4a7240 elementor-widget elementor-widget-image\" data-id=\"e4a7240\" data-element_type=\"widget\" data-widget_type=\"image.default\">\n\t\t\t\t<div class=\"elementor-widget-container\">\n\t\t\t\t\t\t\t\t\t\t\t\t\t\t\t<img decoding=\"async\" loading=\"lazy\" width=\"521\" height=\"798\" src=\"https:\/\/learnscrum.alexandrecadel.fr\/wp-content\/uploads\/2023\/10\/Fichier-5@300x-1.png\" class=\"attachment-large size-large wp-image-151\" alt=\"\" srcset=\"https:\/\/learnscrum.alexandrecadel.fr\/wp-content\/uploads\/2023\/10\/Fichier-5@300x-1.png 521w, https:\/\/learnscrum.alexandrecadel.fr\/wp-content\/uploads\/2023\/10\/Fichier-5@300x-1-196x300.png 196w\" sizes=\"(max-width: 521px) 100vw, 521px\">\t\t\t\t\t\t\t\t\t\t\t\t\t\t\t<\/div>\n\t\t\t\t<\/div>\n\t\t\t\t<\/div>\n\t\t<div class=\"elementor-element elementor-element-4cf95a0 e-con-full e-flex e-con e-child\" data-id=\"4cf95a0\" data-element_type=\"container\" data-settings='{\"content_width\":\"full\"}'>\n\t\t\t\t<div class=\"elementor-element elementor-element-f7ed376 elementor-widget elementor-widget-image\" data-id=\"f7ed376\" data-element_type=\"widget\" data-widget_type=\"image.default\">\n\t\t\t\t<div class=\"elementor-widget-container\">\n\t\t\t\t\t\t\t\t\t\t\t\t\t\t\t<img decoding=\"async\" loading=\"lazy\" width=\"625\" height=\"530\" src=\"https:\/\/learnscrum.alexandrecadel.fr\/wp-content\/uploads\/2023\/10\/scrum-master.png\" class=\"attachment-large size-large wp-image-255\" alt=\"\" srcset=\"https:\/\/learnscrum.alexandrecadel.fr\/wp-content\/uploads\/2023\/10\/scrum-master.png 625w, https:\/\/learnscrum.alexandrecadel.fr\/wp-content\/uploads\/2023\/10\/scrum-master-300x254.png 300w\" sizes=\"(max-width: 625px) 100vw, 625px\">\t\t\t\t\t\t\t\t\t\t\t\t\t\t\t<\/div>\n\t\t\t\t<\/div>\n\t\t\t\t<\/div>\n\t\t<div class=\"elementor-element elementor-element-f0560ae e-con-full e-flex e-con e-child\" data-id=\"f0560ae\" data-element_type=\"container\" data-settings='{\"content_width\":\"full\"}'>\n\t\t\t\t<div class=\"elementor-element elementor-element-0a622b0 elementor-widget elementor-widget-image\" data-id=\"0a622b0\" data-element_type=\"widget\" data-widget_type=\"image.default\">\n\t\t\t\t<div class=\"elementor-widget-container\">\n\t\t\t\t\t\t\t\t\t\t\t\t\t\t\t<img decoding=\"async\" loading=\"lazy\" width=\"532\" height=\"533\" src=\"https:\/\/learnscrum.alexandrecadel.fr\/wp-content\/uploads\/2023\/10\/Fichier-1@300x-1.png\" class=\"attachment-large size-large wp-image-150\" alt=\"\" srcset=\"https:\/\/learnscrum.alexandrecadel.fr\/wp-content\/uploads\/2023\/10\/Fichier-1@300x-1.png 532w, https:\/\/learnscrum.alexandrecadel.fr\/wp-content\/uploads\/2023\/10\/Fichier-1@300x-1-300x300.png 300w, https:\/\/learnscrum.alexandrecadel.fr\/wp-content\/uploads\/2023\/10\/Fichier-1@300x-1-150x150.png 150w\" sizes=\"(max-width: 532px) 100vw, 532px\">\t\t\t\t\t\t\t\t\t\t\t\t\t\t\t<\/div>\n\t\t\t\t<\/div>\n\t\t\t\t<\/div>\n\t\t\t\t\t<\/div>\n\t\t\t\t<\/div>\n\t\t<div class=\"elementor-element elementor-element-a67fdd6 e-flex e-con-boxed e-con e-parent\" data-id=\"a67fdd6\" data-element_type=\"container\" data-settings='{\"content_width\":\"boxed\"}' data-core-v316-plus=\"true\">\n\t\t\t\t\t<div class=\"e-con-inner\">\n\t\t<div class=\"elementor-element elementor-element-5aba8bf e-con-full e-flex e-con e-child\" data-id=\"5aba8bf\" data-element_type=\"container\" data-settings='{\"content_width\":\"full\"}'>\n\t\t\t\t<div class=\"elementor-element elementor-element-ce47cba elementor-widget elementor-widget-text-editor\" data-id=\"ce47cba\" data-element_type=\"widget\" data-widget_type=\"text-editor.default\">\n\t\t\t\t<div class=\"elementor-widget-container\">\n\t\t\t\t\t\t\t<p><strong>Product Owner :<\/strong> Il repr&eacute;sente les besoins des parties prenantes et assure la d&eacute;finition des priorit&eacute;s du projet<\/p>\t\t\t\t\t\t<\/div>\n\t\t\t\t<\/div>\n\t\t\t\t<\/div>\n\t\t<div class=\"elementor-element elementor-element-01e4ebb e-con-full e-flex e-con e-child\" data-id=\"01e4ebb\" data-element_type=\"container\" data-settings='{\"content_width\":\"full\"}'>\n\t\t\t\t<div class=\"elementor-element elementor-element-2316015 elementor-widget elementor-widget-text-editor\" data-id=\"2316015\" data-element_type=\"widget\" data-widget_type=\"text-editor.default\">\n\t\t\t\t<div class=\"elementor-widget-container\">\n\t\t\t\t\t\t\t<p><strong>Scrum Master :<\/strong> Il veille &agrave; l&rsquo;application correcte des principes Scrum, r&eacute;sout les obstacles et facilite le travail de l&rsquo;&eacute;quipe.<\/p>\t\t\t\t\t\t<\/div>\n\t\t\t\t<\/div>\n\t\t\t\t<\/div>\n\t\t<div class=\"elementor-element elementor-element-716338e e-con-full e-flex e-con e-child\" data-id=\"716338e\" data-element_type=\"container\" data-settings='{\"content_width\":\"full\"}'>\n\t\t\t\t<div class=\"elementor-element elementor-element-ded34d3 elementor-widget elementor-widget-text-editor\" data-id=\"ded34d3\" data-element_type=\"widget\" data-widget_type=\"text-editor.default\">\n\t\t\t\t<div class=\"elementor-widget-container\">\n\t\t\t\t\t\t\t<p><strong>&Eacute;quipe de D&eacute;veloppement :<\/strong> Compos&eacute;e de professionnels autonomes, cette &eacute;quipe cr&eacute;e les fonctionnalit&eacute;s conform&eacute;ment aux besoins du projet.<\/p>\t\t\t\t\t\t<\/div>\n\t\t\t\t<\/div>\n\t\t\t\t<\/div>\n\t\t\t\t\t<\/div>\n\t\t\t\t<\/div>\n\t\t<div class=\"elementor-element elementor-element-a8f807f e-flex e-con-boxed e-con e-parent\" data-id=\"a8f807f\" data-element_type=\"container\" data-settings='{\"content_width\":\"boxed\"}' data-core-v316-plus=\"true\">\n\t\t\t\t\t<div class=\"e-con-inner\">\n\t\t\t\t<div class=\"elementor-element elementor-element-5b1c165 elementor-widget elementor-widget-heading\" data-id=\"5b1c165\" data-element_type=\"widget\" data-widget_type=\"heading.default\">\n\t\t\t\t<div class=\"elementor-widget-container\">\n\t\t\t<h2 class=\"elementor-heading-title elementor-size-default\">Les Avantages de Scrum<\/h2>\t\t<\/div>\n\t\t\t\t<\/div>\n\t\t\t\t\t<\/div>\n\t\t\t\t<\/div>\n\t\t<div class=\"elementor-element elementor-element-25d4daf e-flex e-con-boxed e-con e-parent\" data-id=\"25d4daf\" data-element_type=\"container\" data-settings='{\"content_width\":\"boxed\"}' data-core-v316-plus=\"true\">\n\t\t\t\t\t<div class=\"e-con-inner\">\n\t\t\t\t<div class=\"elementor-element elementor-element-30668b4 elementor-widget elementor-widget-text-editor\" data-id=\"30668b4\" data-element_type=\"widget\" data-widget_type=\"text-editor.default\">\n\t\t\t\t<div class=\"elementor-widget-container\">\n\t\t\t\t\t\t\t<ul><li><p><strong>Flexibilit&eacute; et Adaptabilit&eacute;<\/strong> : Scrum permet de s&rsquo;adapter rapidement aux changements de priorit&eacute;s et aux nouvelles informations.<\/p><\/li><li><p><strong>Livraisons Plus Rapides<\/strong> : La m&eacute;thodologie encourage la <strong>livraison fr&eacute;quente<\/strong> de produits fonctionnels, favorisant la r&eacute;troaction pr&eacute;coce.<\/p><\/li><li><p><strong>Meilleure Collaboration<\/strong> : Scrum favorise la <strong>communication<\/strong>, la <strong>cr&eacute;ativit&eacute;<\/strong> et la <strong>r&eacute;solution de probl&egrave;mes<\/strong> au sein de l&rsquo;&eacute;quipe.<\/p><\/li><li><p><strong>Transparence<\/strong> : La m&eacute;thodologie Scrum encourage la <strong>transparence<\/strong> &agrave; tous les niveaux, permettant &agrave; tous de suivre l&rsquo;avancement du projet.<\/p><\/li><li><p><strong>Satisfaction des &Eacute;quipes<\/strong> : Les &eacute;quipes Scrum sont souvent plus satisfaites de leur travail gr&acirc;ce &agrave; un <strong>environnement collaboratif<\/strong>.<\/p><\/li><li><p><strong>R&eacute;duction des Risques<\/strong> : Scrum permet d&rsquo;<strong>identifier et de r&eacute;soudre rapidement<\/strong> les probl&egrave;mes, r&eacute;duisant ainsi les <strong>risques li&eacute;s au projet<\/strong>.<\/p><\/li><\/ul>\t\t\t\t\t\t<\/div>\n\t\t\t\t<\/div>\n\t\t\t\t\t<\/div>\n\t\t\t\t<\/div>\n\t\t\t\t\t\t\t<\/div>\n\t\t","protected":false},"excerpt":{"rendered":"<p>Chapitre 5 : Ce qu&#8217;il faut retenir La m\u00e9thode Scrum est une approche agile\u00a0de gestion de projet qui se concentre sur la flexibilit\u00e9, la collaboration et l&#8217;adaptabilit\u00e9. Elle est particuli\u00e8rement adapt\u00e9e \u00e0 la gestion de projets num\u00e9riques et offre de nombreux avantages. Gestion d&#8217;un Projet Ax\u00e9 sur le Num\u00e9rique Scrum est con\u00e7u pour r\u00e9pondre aux [&hellip;]<\/p>\n","protected":false},"author":4,"featured_media":0,"parent":0,"menu_order":0,"comment_status":"closed","ping_status":"closed","template":"","meta":{"_themeisle_gutenberg_block_has_review":false,"footnotes":""},"_links":{"self":[{"href":"https:\/\/learnscrum.alexandrecadel.fr\/index.php\/wp-json\/wp\/v2\/pages\/286"}],"collection":[{"href":"https:\/\/learnscrum.alexandrecadel.fr\/index.php\/wp-json\/wp\/v2\/pages"}],"about":[{"href":"https:\/\/learnscrum.alexandrecadel.fr\/index.php\/wp-json\/wp\/v2\/types\/page"}],"author":[{"embeddable":true,"href":"https:\/\/learnscrum.alexandrecadel.fr\/index.php\/wp-json\/wp\/v2\/users\/4"}],"replies":[{"embeddable":true,"href":"https:\/\/learnscrum.alexandrecadel.fr\/index.php\/wp-json\/wp\/v2\/comments?post=286"}],"version-history":[{"count":30,"href":"https:\/\/learnscrum.alexandrecadel.fr\/index.php\/wp-json\/wp\/v2\/pages\/286\/revisions"}],"predecessor-version":[{"id":525,"href":"https:\/\/learnscrum.alexandrecadel.fr\/index.php\/wp-json\/wp\/v2\/pages\/286\/revisions\/525"}],"wp:attachment":[{"href":"https:\/\/learnscrum.alexandrecadel.fr\/index.php\/wp-json\/wp\/v2\/media?parent=286"}],"curies":[{"name":"wp","href":"https:\/\/api.w.org\/{rel}","templated":true}]}}