{"id":281,"date":"2023-10-12T15:05:49","date_gmt":"2023-10-12T13:05:49","guid":{"rendered":"https:\/\/learnscrum.alexandrecadel.fr\/?page_id=281"},"modified":"2023-10-15T23:33:38","modified_gmt":"2023-10-15T21:33:38","slug":"chap-4-pourquoi-scrum","status":"publish","type":"page","link":"https:\/\/learnscrum.alexandrecadel.fr\/index.php\/chap-4-pourquoi-scrum\/","title":{"rendered":"Chap 4 &#8211; Les avantages"},"content":{"rendered":"\t\t<div data-elementor-type=\"wp-page\" data-elementor-id=\"281\" class=\"elementor elementor-281\">\n\t\t\t\t\t\t\t<div class=\"elementor-element elementor-element-e48cab6 e-con-full e-flex e-con e-parent\" data-id=\"e48cab6\" data-element_type=\"container\" data-settings='{\"content_width\":\"full\"}' data-core-v316-plus=\"true\">\n\t\t<div class=\"elementor-element elementor-element-6f36ec3 e-flex e-con-boxed e-con e-child\" data-id=\"6f36ec3\" data-element_type=\"container\" data-settings='{\"content_width\":\"boxed\"}'>\n\t\t\t\t\t<div class=\"e-con-inner\">\n\t\t\t\t<div class=\"elementor-element elementor-element-9f8aa46 elementor-widget elementor-widget-heading\" data-id=\"9f8aa46\" data-element_type=\"widget\" data-widget_type=\"heading.default\">\n\t\t\t\t<div class=\"elementor-widget-container\">\n\t\t\t<style>\/*! elementor - v3.16.0 - 13-09-2023 *\/\n.elementor-heading-title{padding:0;margin:0;line-height:1}.elementor-widget-heading .elementor-heading-title[class*=elementor-size-]>a{color:inherit;font-size:inherit;line-height:inherit}.elementor-widget-heading .elementor-heading-title.elementor-size-small{font-size:15px}.elementor-widget-heading .elementor-heading-title.elementor-size-medium{font-size:19px}.elementor-widget-heading .elementor-heading-title.elementor-size-large{font-size:29px}.elementor-widget-heading .elementor-heading-title.elementor-size-xl{font-size:39px}.elementor-widget-heading .elementor-heading-title.elementor-size-xxl{font-size:59px}<\/style><h2 class=\"elementor-heading-title elementor-size-default\">Chapitre 4 : <span class=\"green-color\"> Les Avantages de Scrum et la M&eacute;thode Agile<\/span><\/h2>\t\t<\/div>\n\t\t\t\t<\/div>\n\t\t\t\t\t<\/div>\n\t\t\t\t<\/div>\n\t\t\t\t<\/div>\n\t\t<div class=\"elementor-element elementor-element-c6522bc e-flex e-con-boxed e-con e-parent\" data-id=\"c6522bc\" data-element_type=\"container\" data-settings='{\"content_width\":\"boxed\"}' data-core-v316-plus=\"true\">\n\t\t\t\t\t<div class=\"e-con-inner\">\n\t\t\t\t<div class=\"elementor-element elementor-element-9e8d664 elementor-widget elementor-widget-text-editor\" data-id=\"9e8d664\" data-element_type=\"widget\" data-widget_type=\"text-editor.default\">\n\t\t\t\t<div class=\"elementor-widget-container\">\n\t\t\t<style>\/*! elementor - v3.16.0 - 13-09-2023 *\/\n.elementor-widget-text-editor.elementor-drop-cap-view-stacked .elementor-drop-cap{background-color:#69727d;color:#fff}.elementor-widget-text-editor.elementor-drop-cap-view-framed .elementor-drop-cap{color:#69727d;border:3px solid;background-color:transparent}.elementor-widget-text-editor:not(.elementor-drop-cap-view-default) .elementor-drop-cap{margin-top:8px}.elementor-widget-text-editor:not(.elementor-drop-cap-view-default) .elementor-drop-cap-letter{width:1em;height:1em}.elementor-widget-text-editor .elementor-drop-cap{float:left;text-align:center;line-height:1;font-size:50px}.elementor-widget-text-editor .elementor-drop-cap-letter{display:inline-block}<\/style>\t\t\t\t<p>La gestion de projet est une pi&egrave;ce ma&icirc;tresse pour le succ&egrave;s de toute entreprise. Dans un monde en constante &eacute;volution, il est essentiel de s&rsquo;adapter rapidement aux nouvelles r&eacute;alit&eacute;s et aux besoins changeants du march&eacute;. C&rsquo;est l&agrave; qu&rsquo;intervient Scrum, une m&eacute;thodologie de gestion de projet Agile qui offre de nombreux avantages.<\/p>\t\t\t\t\t\t<\/div>\n\t\t\t\t<\/div>\n\t\t\t\t\t<\/div>\n\t\t\t\t<\/div>\n\t\t<div class=\"elementor-element elementor-element-96bb220 e-flex e-con-boxed e-con e-parent\" data-id=\"96bb220\" data-element_type=\"container\" data-settings='{\"content_width\":\"boxed\"}' data-core-v316-plus=\"true\">\n\t\t\t\t\t<div class=\"e-con-inner\">\n\t\t\t\t<div class=\"elementor-element elementor-element-dd867e8 elementor-widget elementor-widget-heading\" data-id=\"dd867e8\" data-element_type=\"widget\" data-widget_type=\"heading.default\">\n\t\t\t\t<div class=\"elementor-widget-container\">\n\t\t\t<h2 class=\"elementor-heading-title elementor-size-default\">1.<span class=\"green-color\"> Flexibilit&eacute; et Adaptabilit&eacute; <\/span><\/h2>\t\t<\/div>\n\t\t\t\t<\/div>\n\t\t\t\t\t<\/div>\n\t\t\t\t<\/div>\n\t\t<div class=\"elementor-element elementor-element-89c092c e-flex e-con-boxed e-con e-parent\" data-id=\"89c092c\" data-element_type=\"container\" data-settings='{\"content_width\":\"boxed\"}' data-core-v316-plus=\"true\">\n\t\t\t\t\t<div class=\"e-con-inner\">\n\t\t\t\t<div class=\"elementor-element elementor-element-1420f5a elementor-widget elementor-widget-text-editor\" data-id=\"1420f5a\" data-element_type=\"widget\" data-widget_type=\"text-editor.default\">\n\t\t\t\t<div class=\"elementor-widget-container\">\n\t\t\t\t\t\t\t<p>Scrum favorise la flexibilit&eacute; en permettant aux &eacute;quipes de s&rsquo;adapter rapidement aux changements de priorit&eacute;s et aux nouvelles informations. Les cycles de d&eacute;veloppement courts, appel&eacute;s &ldquo;sprints&rdquo;, permettent de r&eacute;&eacute;valuer r&eacute;guli&egrave;rement les objectifs du projet et d&rsquo;ajuster la feuille de route en cons&eacute;quence. Cette adaptabilit&eacute; est essentielle dans un environnement en constante &eacute;volution.<\/p>\t\t\t\t\t\t<\/div>\n\t\t\t\t<\/div>\n\t\t\t\t\t<\/div>\n\t\t\t\t<\/div>\n\t\t<div class=\"elementor-element elementor-element-536de80 e-flex e-con-boxed e-con e-parent\" data-id=\"536de80\" data-element_type=\"container\" data-settings='{\"content_width\":\"boxed\"}' data-core-v316-plus=\"true\">\n\t\t\t\t\t<div class=\"e-con-inner\">\n\t\t\t\t<div class=\"elementor-element elementor-element-38f6f6e elementor-widget elementor-widget-heading\" data-id=\"38f6f6e\" data-element_type=\"widget\" data-widget_type=\"heading.default\">\n\t\t\t\t<div class=\"elementor-widget-container\">\n\t\t\t<h2 class=\"elementor-heading-title elementor-size-default\">2. <span class=\"green-color\"> Livraisons Plus Rapides <\/span>\n<\/h2>\t\t<\/div>\n\t\t\t\t<\/div>\n\t\t\t\t\t<\/div>\n\t\t\t\t<\/div>\n\t\t<div class=\"elementor-element elementor-element-134c561 e-flex e-con-boxed e-con e-parent\" data-id=\"134c561\" data-element_type=\"container\" data-settings='{\"content_width\":\"boxed\"}' data-core-v316-plus=\"true\">\n\t\t\t\t\t<div class=\"e-con-inner\">\n\t\t\t\t<div class=\"elementor-element elementor-element-41ab246 elementor-widget elementor-widget-text-editor\" data-id=\"41ab246\" data-element_type=\"widget\" data-widget_type=\"text-editor.default\">\n\t\t\t\t<div class=\"elementor-widget-container\">\n\t\t\t\t\t\t\t<p>La m&eacute;thodologie Scrum encourage la livraison de fonctionnalit&eacute;s fonctionnelles &agrave; la fin de chaque sprint. Cela signifie que les clients peuvent voir des r&eacute;sultats concrets plus t&ocirc;t dans le processus, ce qui favorise la r&eacute;troaction pr&eacute;coce et la satisfaction du client.<\/p>\t\t\t\t\t\t<\/div>\n\t\t\t\t<\/div>\n\t\t\t\t\t<\/div>\n\t\t\t\t<\/div>\n\t\t<div class=\"elementor-element elementor-element-8014f05 e-flex e-con-boxed e-con e-parent\" data-id=\"8014f05\" data-element_type=\"container\" data-settings='{\"content_width\":\"boxed\"}' data-core-v316-plus=\"true\">\n\t\t\t\t\t<div class=\"e-con-inner\">\n\t\t\t\t<div class=\"elementor-element elementor-element-2740349 elementor-widget elementor-widget-heading\" data-id=\"2740349\" data-element_type=\"widget\" data-widget_type=\"heading.default\">\n\t\t\t\t<div class=\"elementor-widget-container\">\n\t\t\t<h2 class=\"elementor-heading-title elementor-size-default\">3. <span class=\"green-color\">Meilleure Collaboration <\/span>\n\n<\/h2>\t\t<\/div>\n\t\t\t\t<\/div>\n\t\t\t\t\t<\/div>\n\t\t\t\t<\/div>\n\t\t<div class=\"elementor-element elementor-element-8a66ea4 e-flex e-con-boxed e-con e-parent\" data-id=\"8a66ea4\" data-element_type=\"container\" data-settings='{\"content_width\":\"boxed\"}' data-core-v316-plus=\"true\">\n\t\t\t\t\t<div class=\"e-con-inner\">\n\t\t\t\t<div class=\"elementor-element elementor-element-a019f34 elementor-widget elementor-widget-text-editor\" data-id=\"a019f34\" data-element_type=\"widget\" data-widget_type=\"text-editor.default\">\n\t\t\t\t<div class=\"elementor-widget-container\">\n\t\t\t\t\t\t\t<p>Scrum favorise la collaboration &eacute;troite entre les membres de l&rsquo;&eacute;quipe, ce qui am&eacute;liore la communication, la cr&eacute;ativit&eacute; et la r&eacute;solution de probl&egrave;mes. Les r&ocirc;les clairs et les responsabilit&eacute;s bien d&eacute;finies garantissent que chaque membre de l&rsquo;&eacute;quipe contribue de mani&egrave;re significative au projet.<\/p>\t\t\t\t\t\t<\/div>\n\t\t\t\t<\/div>\n\t\t\t\t<div class=\"elementor-element elementor-element-97bea57 elementor-widget elementor-widget-heading\" data-id=\"97bea57\" data-element_type=\"widget\" data-widget_type=\"heading.default\">\n\t\t\t\t<div class=\"elementor-widget-container\">\n\t\t\t<h2 class=\"elementor-heading-title elementor-size-default\">4. <span class=\"green-color\"> Transparence\n<\/span><\/h2>\t\t<\/div>\n\t\t\t\t<\/div>\n\t\t\t\t\t<\/div>\n\t\t\t\t<\/div>\n\t\t<div class=\"elementor-element elementor-element-75873ba e-flex e-con-boxed e-con e-parent\" data-id=\"75873ba\" data-element_type=\"container\" data-settings='{\"content_width\":\"boxed\"}' data-core-v316-plus=\"true\">\n\t\t\t\t\t<div class=\"e-con-inner\">\n\t\t\t\t<div class=\"elementor-element elementor-element-a6e7f7c elementor-widget elementor-widget-text-editor\" data-id=\"a6e7f7c\" data-element_type=\"widget\" data-widget_type=\"text-editor.default\">\n\t\t\t\t<div class=\"elementor-widget-container\">\n\t\t\t\t\t\t\t<p>La m&eacute;thodologie Scrum encourage la transparence &agrave; tous les niveaux. Les tableaux Scrum, tels que le tableau de bord du sprint et le tableau de suivi des probl&egrave;mes, permettent &agrave; tous les membres de l&rsquo;&eacute;quipe de suivre l&rsquo;avancement du projet en temps r&eacute;el.<\/p>\t\t\t\t\t\t<\/div>\n\t\t\t\t<\/div>\n\t\t\t\t\t<\/div>\n\t\t\t\t<\/div>\n\t\t<div class=\"elementor-element elementor-element-bf5d6df e-flex e-con-boxed e-con e-parent\" data-id=\"bf5d6df\" data-element_type=\"container\" data-settings='{\"content_width\":\"boxed\"}' data-core-v316-plus=\"true\">\n\t\t\t\t\t<div class=\"e-con-inner\">\n\t\t\t\t<div class=\"elementor-element elementor-element-4314383 elementor-widget elementor-widget-heading\" data-id=\"4314383\" data-element_type=\"widget\" data-widget_type=\"heading.default\">\n\t\t\t\t<div class=\"elementor-widget-container\">\n\t\t\t<h2 class=\"elementor-heading-title elementor-size-default\">5. <span class=\"green-color\"> Satisfaction des &Eacute;quipes <\/span>\n\n<\/h2>\t\t<\/div>\n\t\t\t\t<\/div>\n\t\t\t\t\t<\/div>\n\t\t\t\t<\/div>\n\t\t<div class=\"elementor-element elementor-element-a92bf60 e-flex e-con-boxed e-con e-parent\" data-id=\"a92bf60\" data-element_type=\"container\" data-settings='{\"content_width\":\"boxed\"}' data-core-v316-plus=\"true\">\n\t\t\t\t\t<div class=\"e-con-inner\">\n\t\t\t\t<div class=\"elementor-element elementor-element-3f8cc2f elementor-widget elementor-widget-text-editor\" data-id=\"3f8cc2f\" data-element_type=\"widget\" data-widget_type=\"text-editor.default\">\n\t\t\t\t<div class=\"elementor-widget-container\">\n\t\t\t\t\t\t\t<p>Les &eacute;quipes qui travaillent selon la m&eacute;thodologie Scrum sont souvent plus satisfaites de leur travail. Scrum favorise un environnement de travail collaboratif, valorise la prise de d&eacute;cision collective et offre des occasions d&rsquo;apprentissage continu.<\/p>\t\t\t\t\t\t<\/div>\n\t\t\t\t<\/div>\n\t\t\t\t\t<\/div>\n\t\t\t\t<\/div>\n\t\t<div class=\"elementor-element elementor-element-7a9b64c e-flex e-con-boxed e-con e-parent\" data-id=\"7a9b64c\" data-element_type=\"container\" data-settings='{\"content_width\":\"boxed\"}' data-core-v316-plus=\"true\">\n\t\t\t\t\t<div class=\"e-con-inner\">\n\t\t\t\t<div class=\"elementor-element elementor-element-2f0f02e elementor-widget elementor-widget-heading\" data-id=\"2f0f02e\" data-element_type=\"widget\" data-widget_type=\"heading.default\">\n\t\t\t\t<div class=\"elementor-widget-container\">\n\t\t\t<h2 class=\"elementor-heading-title elementor-size-default\">6. <span class=\"green-color\"> R&eacute;duction des Risques <\/span>\n\n<\/h2>\t\t<\/div>\n\t\t\t\t<\/div>\n\t\t\t\t\t<\/div>\n\t\t\t\t<\/div>\n\t\t<div class=\"elementor-element elementor-element-d72d995 e-flex e-con-boxed e-con e-parent\" data-id=\"d72d995\" data-element_type=\"container\" data-settings='{\"content_width\":\"boxed\"}' data-core-v316-plus=\"true\">\n\t\t\t\t\t<div class=\"e-con-inner\">\n\t\t\t\t<div class=\"elementor-element elementor-element-606fb9c elementor-widget elementor-widget-text-editor\" data-id=\"606fb9c\" data-element_type=\"widget\" data-widget_type=\"text-editor.default\">\n\t\t\t\t<div class=\"elementor-widget-container\">\n\t\t\t\t\t\t\t<p>Scrum permet d&rsquo;identifier et de r&eacute;soudre rapidement les probl&egrave;mes, ce qui contribue &agrave; r&eacute;duire les risques li&eacute;s au projet. En identifiant les probl&egrave;mes t&ocirc;t, il est plus facile de les corriger avant qu&rsquo;ils ne deviennent des obstacles majeurs.<\/p>\t\t\t\t\t\t<\/div>\n\t\t\t\t<\/div>\n\t\t\t\t\t<\/div>\n\t\t\t\t<\/div>\n\t\t<div class=\"elementor-element elementor-element-87ba0e5 e-flex e-con-boxed e-con e-parent\" data-id=\"87ba0e5\" data-element_type=\"container\" data-settings='{\"content_width\":\"boxed\"}' data-core-v316-plus=\"true\">\n\t\t\t\t\t<div class=\"e-con-inner\">\n\t\t\t\t<div class=\"elementor-element elementor-element-b83edde elementor-widget elementor-widget-heading\" data-id=\"b83edde\" data-element_type=\"widget\" data-widget_type=\"heading.default\">\n\t\t\t\t<div class=\"elementor-widget-container\">\n\t\t\t<h2 class=\"elementor-heading-title elementor-size-default\">La M&eacute;thode SCRUM : conclusion<\/h2>\t\t<\/div>\n\t\t\t\t<\/div>\n\t\t\t\t\t<\/div>\n\t\t\t\t<\/div>\n\t\t<div class=\"elementor-element elementor-element-8712dd0 e-flex e-con-boxed e-con e-parent\" data-id=\"8712dd0\" data-element_type=\"container\" data-settings='{\"content_width\":\"boxed\"}' data-core-v316-plus=\"true\">\n\t\t\t\t\t<div class=\"e-con-inner\">\n\t\t\t\t<div class=\"elementor-element elementor-element-034ea47 elementor-widget elementor-widget-text-editor\" data-id=\"034ea47\" data-element_type=\"widget\" data-widget_type=\"text-editor.default\">\n\t\t\t\t<div class=\"elementor-widget-container\">\n\t\t\t\t\t\t\t<p>La m&eacute;thode Agile Scrum offre de nombreux avantages pour la gestion de projet. Sa flexibilit&eacute;, sa transparence, sa collaboration et sa capacit&eacute; &agrave; s&rsquo;adapter rapidement aux changements en font un choix id&eacute;al pour les entreprises qui cherchent &agrave; rester comp&eacute;titives dans un monde en constante &eacute;volution.<\/p><p>En adoptant Scrum, vous pouvez am&eacute;liorer la satisfaction de votre &eacute;quipe, livrer des produits de meilleure qualit&eacute; plus rapidement et r&eacute;duire les risques li&eacute;s &agrave; vos projets.<\/p>\t\t\t\t\t\t<\/div>\n\t\t\t\t<\/div>\n\t\t\t\t\t<\/div>\n\t\t\t\t<\/div>\n\t\t\t\t\t\t\t<\/div>\n\t\t","protected":false},"excerpt":{"rendered":"<p>Chapitre 4 : Les Avantages de Scrum et la M\u00e9thode Agile La gestion de projet est une pi\u00e8ce ma\u00eetresse pour le succ\u00e8s de toute entreprise. Dans un monde en constante \u00e9volution, il est essentiel de s&#8217;adapter rapidement aux nouvelles r\u00e9alit\u00e9s et aux besoins changeants du march\u00e9. C&#8217;est l\u00e0 qu&#8217;intervient Scrum, une m\u00e9thodologie de gestion de [&hellip;]<\/p>\n","protected":false},"author":4,"featured_media":0,"parent":0,"menu_order":0,"comment_status":"closed","ping_status":"closed","template":"","meta":{"_themeisle_gutenberg_block_has_review":false,"footnotes":""},"_links":{"self":[{"href":"https:\/\/learnscrum.alexandrecadel.fr\/index.php\/wp-json\/wp\/v2\/pages\/281"}],"collection":[{"href":"https:\/\/learnscrum.alexandrecadel.fr\/index.php\/wp-json\/wp\/v2\/pages"}],"about":[{"href":"https:\/\/learnscrum.alexandrecadel.fr\/index.php\/wp-json\/wp\/v2\/types\/page"}],"author":[{"embeddable":true,"href":"https:\/\/learnscrum.alexandrecadel.fr\/index.php\/wp-json\/wp\/v2\/users\/4"}],"replies":[{"embeddable":true,"href":"https:\/\/learnscrum.alexandrecadel.fr\/index.php\/wp-json\/wp\/v2\/comments?post=281"}],"version-history":[{"count":49,"href":"https:\/\/learnscrum.alexandrecadel.fr\/index.php\/wp-json\/wp\/v2\/pages\/281\/revisions"}],"predecessor-version":[{"id":550,"href":"https:\/\/learnscrum.alexandrecadel.fr\/index.php\/wp-json\/wp\/v2\/pages\/281\/revisions\/550"}],"wp:attachment":[{"href":"https:\/\/learnscrum.alexandrecadel.fr\/index.php\/wp-json\/wp\/v2\/media?parent=281"}],"curies":[{"name":"wp","href":"https:\/\/api.w.org\/{rel}","templated":true}]}}