{"id":276,"date":"2023-10-12T15:04:35","date_gmt":"2023-10-12T13:04:35","guid":{"rendered":"https:\/\/learnscrum.alexandrecadel.fr\/?page_id=276"},"modified":"2023-10-16T16:40:34","modified_gmt":"2023-10-16T14:40:34","slug":"chap-3-le-deroulement","status":"publish","type":"page","link":"https:\/\/learnscrum.alexandrecadel.fr\/index.php\/chap-3-le-deroulement\/","title":{"rendered":"Chap 3 &#8211; Le d\u00e9roulement"},"content":{"rendered":"\t\t<div data-elementor-type=\"wp-page\" data-elementor-id=\"276\" class=\"elementor elementor-276\">\n\t\t\t\t\t\t\t<div class=\"elementor-element elementor-element-75af27a e-flex e-con-boxed e-con e-parent\" data-id=\"75af27a\" data-element_type=\"container\" data-settings='{\"content_width\":\"boxed\"}' data-core-v316-plus=\"true\">\n\t\t\t\t\t<div class=\"e-con-inner\">\n\t\t<div class=\"elementor-element elementor-element-12d3cc0 e-flex e-con-boxed e-con e-child\" data-id=\"12d3cc0\" data-element_type=\"container\" data-settings='{\"content_width\":\"boxed\"}'>\n\t\t\t\t\t<div class=\"e-con-inner\">\n\t\t\t\t<div class=\"elementor-element elementor-element-8a73e0a elementor-widget elementor-widget-heading\" data-id=\"8a73e0a\" data-element_type=\"widget\" data-widget_type=\"heading.default\">\n\t\t\t\t<div class=\"elementor-widget-container\">\n\t\t\t<style>\/*! elementor - v3.16.0 - 13-09-2023 *\/\n.elementor-heading-title{padding:0;margin:0;line-height:1}.elementor-widget-heading .elementor-heading-title[class*=elementor-size-]>a{color:inherit;font-size:inherit;line-height:inherit}.elementor-widget-heading .elementor-heading-title.elementor-size-small{font-size:15px}.elementor-widget-heading .elementor-heading-title.elementor-size-medium{font-size:19px}.elementor-widget-heading .elementor-heading-title.elementor-size-large{font-size:29px}.elementor-widget-heading .elementor-heading-title.elementor-size-xl{font-size:39px}.elementor-widget-heading .elementor-heading-title.elementor-size-xxl{font-size:59px}<\/style><h2 class=\"elementor-heading-title elementor-size-default\">Chapitre 3 : <span class=\"green-color\">Le d&eacute;roulement<\/span><\/h2>\t\t<\/div>\n\t\t\t\t<\/div>\n\t\t\t\t\t<\/div>\n\t\t\t\t<\/div>\n\t\t\t\t\t<\/div>\n\t\t\t\t<\/div>\n\t\t<div class=\"elementor-element elementor-element-5d0cfad e-flex e-con-boxed e-con e-parent\" data-id=\"5d0cfad\" data-element_type=\"container\" data-settings='{\"content_width\":\"boxed\"}' data-core-v316-plus=\"true\">\n\t\t\t\t\t<div class=\"e-con-inner\">\n\t\t\t\t<div class=\"elementor-element elementor-element-6dc9b9f elementor-widget elementor-widget-text-editor\" data-id=\"6dc9b9f\" data-element_type=\"widget\" data-widget_type=\"text-editor.default\">\n\t\t\t\t<div class=\"elementor-widget-container\">\n\t\t\t<style>\/*! elementor - v3.16.0 - 13-09-2023 *\/\n.elementor-widget-text-editor.elementor-drop-cap-view-stacked .elementor-drop-cap{background-color:#69727d;color:#fff}.elementor-widget-text-editor.elementor-drop-cap-view-framed .elementor-drop-cap{color:#69727d;border:3px solid;background-color:transparent}.elementor-widget-text-editor:not(.elementor-drop-cap-view-default) .elementor-drop-cap{margin-top:8px}.elementor-widget-text-editor:not(.elementor-drop-cap-view-default) .elementor-drop-cap-letter{width:1em;height:1em}.elementor-widget-text-editor .elementor-drop-cap{float:left;text-align:center;line-height:1;font-size:50px}.elementor-widget-text-editor .elementor-drop-cap-letter{display:inline-block}<\/style>\t\t\t\t<p>Le d&eacute;roulement du processus Scrum est essentiel pour atteindre les objectifs du projet. Cette section se penchera sur la mani&egrave;re dont Scrum fonctionne en pratique, en d&eacute;crivant les &eacute;tapes cl&eacute;s du processus.<\/p>\t\t\t\t\t\t<\/div>\n\t\t\t\t<\/div>\n\t\t\t\t\t<\/div>\n\t\t\t\t<\/div>\n\t\t<div class=\"elementor-element elementor-element-7d672ec e-flex e-con-boxed e-con e-parent\" data-id=\"7d672ec\" data-element_type=\"container\" data-settings='{\"content_width\":\"boxed\"}' data-core-v316-plus=\"true\">\n\t\t\t\t\t<div class=\"e-con-inner\">\n\t\t\t\t<div class=\"elementor-element elementor-element-e3bc12b elementor-widget elementor-widget-heading\" data-id=\"e3bc12b\" data-element_type=\"widget\" data-widget_type=\"heading.default\">\n\t\t\t\t<div class=\"elementor-widget-container\">\n\t\t\t<h2 class=\"elementor-heading-title elementor-size-default\">La Planification du Sprint<\/h2>\t\t<\/div>\n\t\t\t\t<\/div>\n\t\t\t\t<div class=\"elementor-element elementor-element-cdce516 elementor-widget elementor-widget-text-editor\" data-id=\"cdce516\" data-element_type=\"widget\" data-widget_type=\"text-editor.default\">\n\t\t\t\t<div class=\"elementor-widget-container\">\n\t\t\t\t\t\t\t<p>La premi&egrave;re &eacute;tape du d&eacute;roulement Scrum est la planification du sprint. Cette phase est cruciale car elle d&eacute;finit ce qui sera accompli lors du sprint. Les membres de l&rsquo;&eacute;quipe se r&eacute;unissent pour d&eacute;finir les objectifs, les t&acirc;ches et les priorit&eacute;s pour le sprint &agrave; venir.<\/p>\t\t\t\t\t\t<\/div>\n\t\t\t\t<\/div>\n\t\t\t\t<div class=\"elementor-element elementor-element-0268548 elementor-widget elementor-widget-heading\" data-id=\"0268548\" data-element_type=\"widget\" data-widget_type=\"heading.default\">\n\t\t\t\t<div class=\"elementor-widget-container\">\n\t\t\t<h2 class=\"elementor-heading-title elementor-size-default\">Les Daily Stand-up Meetings<\/h2>\t\t<\/div>\n\t\t\t\t<\/div>\n\t\t\t\t<div class=\"elementor-element elementor-element-f393a4e elementor-widget elementor-widget-text-editor\" data-id=\"f393a4e\" data-element_type=\"widget\" data-widget_type=\"text-editor.default\">\n\t\t\t\t<div class=\"elementor-widget-container\">\n\t\t\t\t\t\t\t<p>Les r&eacute;unions quotidiennes (Daily Stand-up Meetings) sont un &eacute;l&eacute;ment essentiel de Scrum. Elles permettent &agrave; l&rsquo;&eacute;quipe de rester synchronis&eacute;e, de discuter des progr&egrave;s et des obstacles, et d&rsquo;ajuster le plan si n&eacute;cessaire.<\/p>\t\t\t\t\t\t<\/div>\n\t\t\t\t<\/div>\n\t\t\t\t<div class=\"elementor-element elementor-element-66a0c80 elementor-widget elementor-widget-heading\" data-id=\"66a0c80\" data-element_type=\"widget\" data-widget_type=\"heading.default\">\n\t\t\t\t<div class=\"elementor-widget-container\">\n\t\t\t<h2 class=\"elementor-heading-title elementor-size-default\">La Revue de Sprint<\/h2>\t\t<\/div>\n\t\t\t\t<\/div>\n\t\t\t\t<div class=\"elementor-element elementor-element-b841a44 elementor-widget elementor-widget-text-editor\" data-id=\"b841a44\" data-element_type=\"widget\" data-widget_type=\"text-editor.default\">\n\t\t\t\t<div class=\"elementor-widget-container\">\n\t\t\t\t\t\t\t<p>&Agrave; la fin de chaque sprint, l&rsquo;&eacute;quipe organise une revue de sprint pour examiner les fonctionnalit&eacute;s achev&eacute;es et recueillir les commentaires des parties prenantes. Cette &eacute;tape est cruciale pour s&rsquo;assurer que le produit &eacute;volue conform&eacute;ment aux besoins.<\/p>\t\t\t\t\t\t<\/div>\n\t\t\t\t<\/div>\n\t\t\t\t<div class=\"elementor-element elementor-element-086535a elementor-widget elementor-widget-heading\" data-id=\"086535a\" data-element_type=\"widget\" data-widget_type=\"heading.default\">\n\t\t\t\t<div class=\"elementor-widget-container\">\n\t\t\t<h2 class=\"elementor-heading-title elementor-size-default\">La R&eacute;trospective de Sprint<\/h2>\t\t<\/div>\n\t\t\t\t<\/div>\n\t\t\t\t<div class=\"elementor-element elementor-element-4581b2a elementor-widget elementor-widget-text-editor\" data-id=\"4581b2a\" data-element_type=\"widget\" data-widget_type=\"text-editor.default\">\n\t\t\t\t<div class=\"elementor-widget-container\">\n\t\t\t\t\t\t\t<p>La r&eacute;trospective de sprint est l&rsquo;occasion pour l&rsquo;&eacute;quipe de r&eacute;fl&eacute;chir sur son propre fonctionnement. Elle vise &agrave; identifier les am&eacute;liorations possibles dans le processus de travail et &agrave; les mettre en &oelig;uvre.<\/p>\t\t\t\t\t\t<\/div>\n\t\t\t\t<\/div>\n\t\t\t\t<div class=\"elementor-element elementor-element-ede5c6f elementor-widget elementor-widget-heading\" data-id=\"ede5c6f\" data-element_type=\"widget\" data-widget_type=\"heading.default\">\n\t\t\t\t<div class=\"elementor-widget-container\">\n\t\t\t<h2 class=\"elementor-heading-title elementor-size-default\">Le Suivi de l'avancement<\/h2>\t\t<\/div>\n\t\t\t\t<\/div>\n\t\t\t\t<div class=\"elementor-element elementor-element-9b8f620 elementor-widget elementor-widget-text-editor\" data-id=\"9b8f620\" data-element_type=\"widget\" data-widget_type=\"text-editor.default\">\n\t\t\t\t<div class=\"elementor-widget-container\">\n\t\t\t\t\t\t\t<p>Tout au long du sprint, l&rsquo;&eacute;quipe suit l&rsquo;avancement du travail &agrave; l&rsquo;aide de tableaux Scrum ou d&rsquo;outils num&eacute;riques. Cela permet de garder un &oelig;il sur la progression vers les objectifs fix&eacute;s.<\/p>\t\t\t\t\t\t<\/div>\n\t\t\t\t<\/div>\n\t\t\t\t<div class=\"elementor-element elementor-element-31d055b elementor-widget elementor-widget-heading\" data-id=\"31d055b\" data-element_type=\"widget\" data-widget_type=\"heading.default\">\n\t\t\t\t<div class=\"elementor-widget-container\">\n\t\t\t<h2 class=\"elementor-heading-title elementor-size-default\">L'Adaptation Continue<\/h2>\t\t<\/div>\n\t\t\t\t<\/div>\n\t\t\t\t<div class=\"elementor-element elementor-element-d0cdcf8 elementor-widget elementor-widget-text-editor\" data-id=\"d0cdcf8\" data-element_type=\"widget\" data-widget_type=\"text-editor.default\">\n\t\t\t\t<div class=\"elementor-widget-container\">\n\t\t\t\t\t\t\t<p>Scrum est bas&eacute; sur une approche it&eacute;rative et incr&eacute;mentale. Cela signifie que l&rsquo;&eacute;quipe s&rsquo;adapte constamment en fonction des nouvelles informations et des changements de priorit&eacute;s. L&rsquo;adaptation est une composante cl&eacute; du d&eacute;roulement de Scrum.<\/p><p>En suivant ces &eacute;tapes du d&eacute;roulement de Scrum, les &eacute;quipes peuvent travailler de mani&egrave;re collaborative et it&eacute;rative pour livrer des produits de haute qualit&eacute; en r&eacute;pondant aux besoins changeants du projet.<\/p>\t\t\t\t\t\t<\/div>\n\t\t\t\t<\/div>\n\t\t\t\t\t<\/div>\n\t\t\t\t<\/div>\n\t\t\t\t\t\t\t<\/div>\n\t\t","protected":false},"excerpt":{"rendered":"<p>Chapitre 3 : Le d\u00e9roulement Le d\u00e9roulement du processus Scrum est essentiel pour atteindre les objectifs du projet. Cette section se penchera sur la mani\u00e8re dont Scrum fonctionne en pratique, en d\u00e9crivant les \u00e9tapes cl\u00e9s du processus. La Planification du Sprint La premi\u00e8re \u00e9tape du d\u00e9roulement Scrum est la planification du sprint. Cette phase est [&hellip;]<\/p>\n","protected":false},"author":4,"featured_media":0,"parent":0,"menu_order":0,"comment_status":"closed","ping_status":"closed","template":"","meta":{"_themeisle_gutenberg_block_has_review":false,"footnotes":""},"_links":{"self":[{"href":"https:\/\/learnscrum.alexandrecadel.fr\/index.php\/wp-json\/wp\/v2\/pages\/276"}],"collection":[{"href":"https:\/\/learnscrum.alexandrecadel.fr\/index.php\/wp-json\/wp\/v2\/pages"}],"about":[{"href":"https:\/\/learnscrum.alexandrecadel.fr\/index.php\/wp-json\/wp\/v2\/types\/page"}],"author":[{"embeddable":true,"href":"https:\/\/learnscrum.alexandrecadel.fr\/index.php\/wp-json\/wp\/v2\/users\/4"}],"replies":[{"embeddable":true,"href":"https:\/\/learnscrum.alexandrecadel.fr\/index.php\/wp-json\/wp\/v2\/comments?post=276"}],"version-history":[{"count":37,"href":"https:\/\/learnscrum.alexandrecadel.fr\/index.php\/wp-json\/wp\/v2\/pages\/276\/revisions"}],"predecessor-version":[{"id":575,"href":"https:\/\/learnscrum.alexandrecadel.fr\/index.php\/wp-json\/wp\/v2\/pages\/276\/revisions\/575"}],"wp:attachment":[{"href":"https:\/\/learnscrum.alexandrecadel.fr\/index.php\/wp-json\/wp\/v2\/media?parent=276"}],"curies":[{"name":"wp","href":"https:\/\/api.w.org\/{rel}","templated":true}]}}