{"id":261,"date":"2023-10-12T14:40:10","date_gmt":"2023-10-12T12:40:10","guid":{"rendered":"https:\/\/learnscrum.alexandrecadel.fr\/?page_id=261"},"modified":"2023-10-16T11:58:37","modified_gmt":"2023-10-16T09:58:37","slug":"chap-1-piliers-de-scrum","status":"publish","type":"page","link":"https:\/\/learnscrum.alexandrecadel.fr\/index.php\/chap-1-piliers-de-scrum\/","title":{"rendered":"Chap 1 &#8211; Piliers et valeurs Scrum"},"content":{"rendered":"\t\t<div data-elementor-type=\"wp-page\" data-elementor-id=\"261\" class=\"elementor elementor-261\">\n\t\t\t\t\t\t\t<div class=\"elementor-element elementor-element-a42279f e-flex e-con-boxed e-con e-parent\" data-id=\"a42279f\" data-element_type=\"container\" data-settings='{\"content_width\":\"boxed\"}' data-core-v316-plus=\"true\">\n\t\t\t\t\t<div class=\"e-con-inner\">\n\t\t<div class=\"elementor-element elementor-element-10fc161 e-flex e-con-boxed e-con e-child\" data-id=\"10fc161\" data-element_type=\"container\" data-settings='{\"content_width\":\"boxed\"}'>\n\t\t\t\t\t<div class=\"e-con-inner\">\n\t\t\t\t<div class=\"elementor-element elementor-element-5f65606 elementor-widget elementor-widget-heading\" data-id=\"5f65606\" data-element_type=\"widget\" data-widget_type=\"heading.default\">\n\t\t\t\t<div class=\"elementor-widget-container\">\n\t\t\t<style>\/*! elementor - v3.16.0 - 13-09-2023 *\/\n.elementor-heading-title{padding:0;margin:0;line-height:1}.elementor-widget-heading .elementor-heading-title[class*=elementor-size-]>a{color:inherit;font-size:inherit;line-height:inherit}.elementor-widget-heading .elementor-heading-title.elementor-size-small{font-size:15px}.elementor-widget-heading .elementor-heading-title.elementor-size-medium{font-size:19px}.elementor-widget-heading .elementor-heading-title.elementor-size-large{font-size:29px}.elementor-widget-heading .elementor-heading-title.elementor-size-xl{font-size:39px}.elementor-widget-heading .elementor-heading-title.elementor-size-xxl{font-size:59px}<\/style><h2 class=\"elementor-heading-title elementor-size-default\">Chapitre 1 : <span class=\"green-color\">L'empirisme, piliers et valeurs Scrum<\/span><\/h2>\t\t<\/div>\n\t\t\t\t<\/div>\n\t\t\t\t\t<\/div>\n\t\t\t\t<\/div>\n\t\t\t\t\t<\/div>\n\t\t\t\t<\/div>\n\t\t<div class=\"elementor-element elementor-element-bf3c64c e-flex e-con-boxed e-con e-parent\" data-id=\"bf3c64c\" data-element_type=\"container\" data-settings='{\"content_width\":\"boxed\"}' data-core-v316-plus=\"true\">\n\t\t\t\t\t<div class=\"e-con-inner\">\n\t\t<div class=\"elementor-element elementor-element-051b6f5 e-con-full e-flex e-con e-child\" data-id=\"051b6f5\" data-element_type=\"container\" data-settings='{\"content_width\":\"full\"}'>\n\t\t\t\t<div class=\"elementor-element elementor-element-2e9e2e1 elementor-widget elementor-widget-image\" data-id=\"2e9e2e1\" data-element_type=\"widget\" data-widget_type=\"image.default\">\n\t\t\t\t<div class=\"elementor-widget-container\">\n\t\t\t<style>\/*! elementor - v3.16.0 - 13-09-2023 *\/\n.elementor-widget-image{text-align:center}.elementor-widget-image a{display:inline-block}.elementor-widget-image a img[src$=\".svg\"]{width:48px}.elementor-widget-image img{vertical-align:middle;display:inline-block}<\/style>\t\t\t\t\t\t\t\t\t\t\t\t<img decoding=\"async\" loading=\"lazy\" width=\"800\" height=\"456\" src=\"https:\/\/learnscrum.alexandrecadel.fr\/wp-content\/uploads\/2023\/10\/Empiricism-of-scrum.png\" class=\"attachment-large size-large wp-image-393\" alt=\"Empirisme et les piliers Scrum\" srcset=\"https:\/\/learnscrum.alexandrecadel.fr\/wp-content\/uploads\/2023\/10\/Empiricism-of-scrum.png 800w, https:\/\/learnscrum.alexandrecadel.fr\/wp-content\/uploads\/2023\/10\/Empiricism-of-scrum-300x171.png 300w, https:\/\/learnscrum.alexandrecadel.fr\/wp-content\/uploads\/2023\/10\/Empiricism-of-scrum-768x438.png 768w\" sizes=\"(max-width: 800px) 100vw, 800px\">\t\t\t\t\t\t\t\t\t\t\t\t\t\t\t<\/div>\n\t\t\t\t<\/div>\n\t\t\t\t<\/div>\n\t\t<div class=\"elementor-element elementor-element-d3ce50d e-con-full e-flex e-con e-child\" data-id=\"d3ce50d\" data-element_type=\"container\" data-settings='{\"content_width\":\"full\"}'>\n\t\t\t\t<div class=\"elementor-element elementor-element-4c22220 elementor-widget elementor-widget-heading\" data-id=\"4c22220\" data-element_type=\"widget\" data-widget_type=\"heading.default\">\n\t\t\t\t<div class=\"elementor-widget-container\">\n\t\t\t<p class=\"elementor-heading-title elementor-size-default\">Scrum est fond&eacute; sur l'empirisme, une approche qui stipule que la connaissance provient de l'exp&eacute;rience et que la prise de d&eacute;cision se base sur ce qui est observ&eacute;. <br><br>En d'autres termes, plut&ocirc;t que de suivre un plan fixe, les &eacute;quipes Scrum utilisent l'exp&eacute;rience r&eacute;elle et les observations pour guider leur travail. <br><br>Cette approche empirique se manifeste &agrave; travers les trois piliers de Scrum: la transparence, l'inspection et l'adaptation.<\/p>\t\t<\/div>\n\t\t\t\t<\/div>\n\t\t\t\t<\/div>\n\t\t\t\t\t<\/div>\n\t\t\t\t<\/div>\n\t\t<div class=\"elementor-element elementor-element-b220f2b e-flex e-con-boxed e-con e-parent\" data-id=\"b220f2b\" data-element_type=\"container\" data-settings='{\"content_width\":\"boxed\"}' data-core-v316-plus=\"true\">\n\t\t\t\t\t<div class=\"e-con-inner\">\n\t\t\t\t<div class=\"elementor-element elementor-element-17243b6 elementor-widget elementor-widget-heading\" data-id=\"17243b6\" data-element_type=\"widget\" data-widget_type=\"heading.default\">\n\t\t\t\t<div class=\"elementor-widget-container\">\n\t\t\t<h2 class=\"elementor-heading-title elementor-size-default\">Piliers Scrum<\/h2>\t\t<\/div>\n\t\t\t\t<\/div>\n\t\t\t\t\t<\/div>\n\t\t\t\t<\/div>\n\t\t<div class=\"elementor-element elementor-element-c30c4f9 e-flex e-con-boxed e-con e-parent\" data-id=\"c30c4f9\" data-element_type=\"container\" data-settings='{\"content_width\":\"boxed\"}' data-core-v316-plus=\"true\">\n\t\t\t\t\t<div class=\"e-con-inner\">\n\t\t\t\t<div class=\"elementor-element elementor-element-7bd50af elementor-widget elementor-widget-spacer\" data-id=\"7bd50af\" data-element_type=\"widget\" data-widget_type=\"spacer.default\">\n\t\t\t\t<div class=\"elementor-widget-container\">\n\t\t\t<style>\/*! elementor - v3.16.0 - 13-09-2023 *\/\n.elementor-column .elementor-spacer-inner{height:var(--spacer-size)}.e-con{--container-widget-width:100%}.e-con-inner>.elementor-widget-spacer,.e-con>.elementor-widget-spacer{width:var(--container-widget-width,var(--spacer-size));--align-self:var(--container-widget-align-self,initial);--flex-shrink:0}.e-con-inner>.elementor-widget-spacer>.elementor-widget-container,.e-con>.elementor-widget-spacer>.elementor-widget-container{height:100%;width:100%}.e-con-inner>.elementor-widget-spacer>.elementor-widget-container>.elementor-spacer,.e-con>.elementor-widget-spacer>.elementor-widget-container>.elementor-spacer{height:100%}.e-con-inner>.elementor-widget-spacer>.elementor-widget-container>.elementor-spacer>.elementor-spacer-inner,.e-con>.elementor-widget-spacer>.elementor-widget-container>.elementor-spacer>.elementor-spacer-inner{height:var(--container-widget-height,var(--spacer-size))}.e-con-inner>.elementor-widget-spacer.elementor-widget-empty,.e-con>.elementor-widget-spacer.elementor-widget-empty{position:relative;min-height:22px;min-width:22px}.e-con-inner>.elementor-widget-spacer.elementor-widget-empty .elementor-widget-empty-icon,.e-con>.elementor-widget-spacer.elementor-widget-empty .elementor-widget-empty-icon{position:absolute;top:0;bottom:0;left:0;right:0;margin:auto;padding:0;width:22px;height:22px}<\/style>\t\t<div class=\"elementor-spacer\">\n\t\t\t<div class=\"elementor-spacer-inner\"><\/div>\n\t\t<\/div>\n\t\t\t\t<\/div>\n\t\t\t\t<\/div>\n\t\t\t\t\t<\/div>\n\t\t\t\t<\/div>\n\t\t<div class=\"elementor-element elementor-element-ce37c04 e-flex e-con-boxed e-con e-parent\" data-id=\"ce37c04\" data-element_type=\"container\" data-settings='{\"background_background\":\"classic\",\"content_width\":\"boxed\"}' data-core-v316-plus=\"true\">\n\t\t\t\t\t<div class=\"e-con-inner\">\n\t\t<div class=\"elementor-element elementor-element-7f3df7a e-con-full e-flex e-con e-child\" data-id=\"7f3df7a\" data-element_type=\"container\" data-settings='{\"content_width\":\"full\"}'>\n\t\t\t\t<div class=\"elementor-element elementor-element-a067c23 elementor-widget elementor-widget-image\" data-id=\"a067c23\" data-element_type=\"widget\" data-widget_type=\"image.default\">\n\t\t\t\t<div class=\"elementor-widget-container\">\n\t\t\t\t\t\t\t\t\t\t\t\t\t\t\t<img decoding=\"async\" loading=\"lazy\" width=\"800\" height=\"450\" src=\"https:\/\/learnscrum.alexandrecadel.fr\/wp-content\/uploads\/2023\/10\/piliers-de-la-methode-scrum.png.webp\" class=\"attachment-large size-large wp-image-430\" alt=\"pilier scrum\" srcset=\"https:\/\/learnscrum.alexandrecadel.fr\/wp-content\/uploads\/2023\/10\/piliers-de-la-methode-scrum.png.webp 811w, https:\/\/learnscrum.alexandrecadel.fr\/wp-content\/uploads\/2023\/10\/piliers-de-la-methode-scrum.png-300x169.webp 300w, https:\/\/learnscrum.alexandrecadel.fr\/wp-content\/uploads\/2023\/10\/piliers-de-la-methode-scrum.png-768x432.webp 768w\" sizes=\"(max-width: 800px) 100vw, 800px\">\t\t\t\t\t\t\t\t\t\t\t\t\t\t\t<\/div>\n\t\t\t\t<\/div>\n\t\t\t\t<\/div>\n\t\t<div class=\"elementor-element elementor-element-c4e9ece e-con-full e-flex e-con e-child\" data-id=\"c4e9ece\" data-element_type=\"container\" data-settings='{\"content_width\":\"full\"}'>\n\t\t\t\t<div class=\"elementor-element elementor-element-1c1efc4 elementor-widget elementor-widget-text-editor\" data-id=\"1c1efc4\" data-element_type=\"widget\" data-widget_type=\"text-editor.default\">\n\t\t\t\t<div class=\"elementor-widget-container\">\n\t\t\t<style>\/*! elementor - v3.16.0 - 13-09-2023 *\/\n.elementor-widget-text-editor.elementor-drop-cap-view-stacked .elementor-drop-cap{background-color:#69727d;color:#fff}.elementor-widget-text-editor.elementor-drop-cap-view-framed .elementor-drop-cap{color:#69727d;border:3px solid;background-color:transparent}.elementor-widget-text-editor:not(.elementor-drop-cap-view-default) .elementor-drop-cap{margin-top:8px}.elementor-widget-text-editor:not(.elementor-drop-cap-view-default) .elementor-drop-cap-letter{width:1em;height:1em}.elementor-widget-text-editor .elementor-drop-cap{float:left;text-align:center;line-height:1;font-size:50px}.elementor-widget-text-editor .elementor-drop-cap-letter{display:inline-block}<\/style>\t\t\t\t<p><b style=\"\"><u>1. Transparence:<\/u><\/b><\/p>\n<p>La transparence est essentielle &agrave; l&rsquo;empirisme car pour inspecter et adapter, il faut avoir une vision claire de la situation actuelle. <br><br>Cela implique:&nbsp;<\/p>\n<p><span style=\"color: var( --e-global-color-text ); font-family: var( --e-global-typography-text-font-family ), Sans-serif; text-align: var(--text-align); font-size: 1rem;\"><b>Art&eacute;facts clairs et compr&eacute;hensibles:<\/b><\/span><span style=\"color: var( --e-global-color-text ); font-family: var( --e-global-typography-text-font-family ), Sans-serif; font-weight: var( --e-global-typography-text-font-weight ); text-align: var(--text-align); font-size: 1rem;\"> Leur &eacute;tat actuel doit refl&eacute;ter fid&egrave;lement la r&eacute;alit&eacute; du projet ou du produit.<\/span><\/p>\n<p><b>Normes communes:<\/b> Il est vital d&rsquo;avoir une compr&eacute;hension partag&eacute;e des processus et des attentes pour assurer que ce qui est observ&eacute; est compris de la m&ecirc;me mani&egrave;re par tous.<\/p>\n<p><b>Communication ouverte:<\/b> Pour garantir que tous les membres de l&rsquo;&eacute;quipe ont acc&egrave;s aux informations n&eacute;cessaires.<br><br><u><b>2. Inspection:<br><\/b><\/u>Le principe empirique d&rsquo;acquisition de connaissances &agrave; partir de l&rsquo;exp&eacute;rience est mis en &oelig;uvre via l&rsquo;inspection. Les &eacute;quipes Scrum inspectent r&eacute;guli&egrave;rement leur travail et leur progr&egrave;s vers les objectifs pour s&rsquo;assurer qu&rsquo;elles se d&eacute;placent dans la bonne direction.<\/p>\n<p><u><b>3. Adaptation:<br><\/b><\/u>Quand les inspections r&eacute;v&egrave;lent des &eacute;carts par rapport aux objectifs ou aux attentes, l&rsquo;&eacute;quipe doit s&rsquo;adapter. Dans un contexte empirique, cette adaptation est une r&eacute;ponse directe aux observations et exp&eacute;riences v&eacute;cues, permettant &agrave; l&rsquo;&eacute;quipe de mieux r&eacute;pondre aux d&eacute;fis et opportunit&eacute;s qui se pr&eacute;sentent.<\/p>\t\t\t\t\t\t<\/div>\n\t\t\t\t<\/div>\n\t\t\t\t<\/div>\n\t\t\t\t\t<\/div>\n\t\t\t\t<\/div>\n\t\t<div class=\"elementor-element elementor-element-efee651 e-flex e-con-boxed e-con e-parent\" data-id=\"efee651\" data-element_type=\"container\" data-settings='{\"content_width\":\"boxed\"}' data-core-v316-plus=\"true\">\n\t\t\t\t\t<div class=\"e-con-inner\">\n\t\t\t\t<div class=\"elementor-element elementor-element-29a4886 elementor-widget elementor-widget-spacer\" data-id=\"29a4886\" data-element_type=\"widget\" data-widget_type=\"spacer.default\">\n\t\t\t\t<div class=\"elementor-widget-container\">\n\t\t\t\t\t<div class=\"elementor-spacer\">\n\t\t\t<div class=\"elementor-spacer-inner\"><\/div>\n\t\t<\/div>\n\t\t\t\t<\/div>\n\t\t\t\t<\/div>\n\t\t\t\t\t<\/div>\n\t\t\t\t<\/div>\n\t\t<div class=\"elementor-element elementor-element-7b4a36c e-flex e-con-boxed e-con e-parent\" data-id=\"7b4a36c\" data-element_type=\"container\" data-settings='{\"content_width\":\"boxed\"}' data-core-v316-plus=\"true\">\n\t\t\t\t\t<div class=\"e-con-inner\">\n\t\t\t\t<div class=\"elementor-element elementor-element-92d401d elementor-widget elementor-widget-heading\" data-id=\"92d401d\" data-element_type=\"widget\" data-widget_type=\"heading.default\">\n\t\t\t\t<div class=\"elementor-widget-container\">\n\t\t\t<h2 class=\"elementor-heading-title elementor-size-default\">Les valeurs Scrum<\/h2>\t\t<\/div>\n\t\t\t\t<\/div>\n\t\t\t\t\t<\/div>\n\t\t\t\t<\/div>\n\t\t<div class=\"elementor-element elementor-element-8781fa2 e-flex e-con-boxed e-con e-parent\" data-id=\"8781fa2\" data-element_type=\"container\" data-settings='{\"content_width\":\"boxed\"}' data-core-v316-plus=\"true\">\n\t\t\t\t\t<div class=\"e-con-inner\">\n\t\t\t\t<div class=\"elementor-element elementor-element-1853a49 elementor-widget elementor-widget-spacer\" data-id=\"1853a49\" data-element_type=\"widget\" data-widget_type=\"spacer.default\">\n\t\t\t\t<div class=\"elementor-widget-container\">\n\t\t\t\t\t<div class=\"elementor-spacer\">\n\t\t\t<div class=\"elementor-spacer-inner\"><\/div>\n\t\t<\/div>\n\t\t\t\t<\/div>\n\t\t\t\t<\/div>\n\t\t\t\t\t<\/div>\n\t\t\t\t<\/div>\n\t\t<div class=\"elementor-element elementor-element-295b5af e-flex e-con-boxed e-con e-parent\" data-id=\"295b5af\" data-element_type=\"container\" data-settings='{\"background_background\":\"classic\",\"content_width\":\"boxed\"}' data-core-v316-plus=\"true\">\n\t\t\t\t\t<div class=\"e-con-inner\">\n\t\t<div class=\"elementor-element elementor-element-4f0f3cd e-con-full e-flex e-con e-child\" data-id=\"4f0f3cd\" data-element_type=\"container\" data-settings='{\"content_width\":\"full\"}'>\n\t\t\t\t<div class=\"elementor-element elementor-element-4dfe9b8 elementor-widget elementor-widget-text-editor\" data-id=\"4dfe9b8\" data-element_type=\"widget\" data-widget_type=\"text-editor.default\">\n\t\t\t\t<div class=\"elementor-widget-container\">\n\t\t\t\t\t\t\t<p>Scrum se base &eacute;galement sur cinq valeurs essentielles qui renforcent la collaboration et l&rsquo;engagement au sein de l&rsquo;&eacute;quipe :<\/p><p><b>Engagement<\/b> : Chaque membre de l&rsquo;&eacute;quipe s&rsquo;engage &agrave; r&eacute;aliser au mieux sa part de travail pour le sprint en cours.<\/p><p><b>Courage<\/b> : L&rsquo;&eacute;quipe Scrum doit avoir le courage de relever les d&eacute;fis, de prendre des d&eacute;cisions difficiles et de s&rsquo;adapter aux changements.<\/p><p><b>Focus<\/b> : L&rsquo;&eacute;quipe se concentre sur l&rsquo;ach&egrave;vement des t&acirc;ches pour le sprint en cours, sans se laisser distraire par d&rsquo;autres pr&eacute;occupations.<\/p><p><b>Ouverture<\/b> : Les membres de l&rsquo;&eacute;quipe et les parties prenantes sont ouverts &agrave; l&rsquo;id&eacute;e de donner et recevoir des feedbacks. Cela inclut la transparence sur les progr&egrave;s et les obstacles.<\/p><p><b>Respect<\/b> : Les membres de l&rsquo;&eacute;quipe se respectent mutuellement, reconnaissent la valeur de chaque individu et travaillent ensemble pour atteindre les objectifs communs.<\/p>\t\t\t\t\t\t<\/div>\n\t\t\t\t<\/div>\n\t\t\t\t<\/div>\n\t\t<div class=\"elementor-element elementor-element-af81199 e-con-full e-flex e-con e-child\" data-id=\"af81199\" data-element_type=\"container\" data-settings='{\"content_width\":\"full\"}'>\n\t\t\t\t<div class=\"elementor-element elementor-element-486bc7f elementor-widget elementor-widget-image\" data-id=\"486bc7f\" data-element_type=\"widget\" data-widget_type=\"image.default\">\n\t\t\t\t<div class=\"elementor-widget-container\">\n\t\t\t\t\t\t\t\t\t\t\t\t\t\t\t<img decoding=\"async\" loading=\"lazy\" width=\"800\" height=\"789\" src=\"https:\/\/learnscrum.alexandrecadel.fr\/wp-content\/uploads\/2023\/10\/benefices-des-valeurs-scrum.png.webp\" class=\"attachment-large size-large wp-image-444\" alt=\"Valeurs scrum\" srcset=\"https:\/\/learnscrum.alexandrecadel.fr\/wp-content\/uploads\/2023\/10\/benefices-des-valeurs-scrum.png.webp 811w, https:\/\/learnscrum.alexandrecadel.fr\/wp-content\/uploads\/2023\/10\/benefices-des-valeurs-scrum.png-300x296.webp 300w, https:\/\/learnscrum.alexandrecadel.fr\/wp-content\/uploads\/2023\/10\/benefices-des-valeurs-scrum.png-768x758.webp 768w\" sizes=\"(max-width: 800px) 100vw, 800px\">\t\t\t\t\t\t\t\t\t\t\t\t\t\t\t<\/div>\n\t\t\t\t<\/div>\n\t\t\t\t<\/div>\n\t\t\t\t\t<\/div>\n\t\t\t\t<\/div>\n\t\t<div class=\"elementor-element elementor-element-320e2c8 e-flex e-con-boxed e-con e-parent\" data-id=\"320e2c8\" data-element_type=\"container\" data-settings='{\"content_width\":\"boxed\"}' data-core-v316-plus=\"true\">\n\t\t\t\t\t<div class=\"e-con-inner\">\n\t\t\t\t<div class=\"elementor-element elementor-element-ec7b450 elementor-widget elementor-widget-spacer\" data-id=\"ec7b450\" data-element_type=\"widget\" data-widget_type=\"spacer.default\">\n\t\t\t\t<div class=\"elementor-widget-container\">\n\t\t\t\t\t<div class=\"elementor-spacer\">\n\t\t\t<div class=\"elementor-spacer-inner\"><\/div>\n\t\t<\/div>\n\t\t\t\t<\/div>\n\t\t\t\t<\/div>\n\t\t\t\t\t<\/div>\n\t\t\t\t<\/div>\n\t\t<div class=\"elementor-element elementor-element-bb2b1a1 e-flex e-con-boxed e-con e-parent\" data-id=\"bb2b1a1\" data-element_type=\"container\" data-settings='{\"content_width\":\"boxed\"}' data-core-v316-plus=\"true\">\n\t\t\t\t\t<div class=\"e-con-inner\">\n\t\t\t\t<div class=\"elementor-element elementor-element-4eb36e2 elementor-widget elementor-widget-image\" data-id=\"4eb36e2\" data-element_type=\"widget\" data-widget_type=\"image.default\">\n\t\t\t\t<div class=\"elementor-widget-container\">\n\t\t\t\t\t\t\t\t\t\t\t\t\t\t\t<img decoding=\"async\" loading=\"lazy\" width=\"768\" height=\"576\" src=\"https:\/\/learnscrum.alexandrecadel.fr\/wp-content\/uploads\/2023\/10\/Resume-768x576.png\" class=\"attachment-medium_large size-medium_large wp-image-449\" alt=\"\" srcset=\"https:\/\/learnscrum.alexandrecadel.fr\/wp-content\/uploads\/2023\/10\/Resume-768x576.png 768w, https:\/\/learnscrum.alexandrecadel.fr\/wp-content\/uploads\/2023\/10\/Resume-300x225.png 300w, https:\/\/learnscrum.alexandrecadel.fr\/wp-content\/uploads\/2023\/10\/Resume.png 1024w\" sizes=\"(max-width: 768px) 100vw, 768px\">\t\t\t\t\t\t\t\t\t\t\t\t\t\t\t<\/div>\n\t\t\t\t<\/div>\n\t\t\t\t\t<\/div>\n\t\t\t\t<\/div>\n\t\t\t\t\t\t\t<\/div>\n\t\t","protected":false},"excerpt":{"rendered":"<p>Chapitre 1 : L&#8217;empirisme, piliers et valeurs Scrum Scrum est fond\u00e9 sur l&#8217;empirisme, une approche qui stipule que la connaissance provient de l&#8217;exp\u00e9rience et que la prise de d\u00e9cision se base sur ce qui est observ\u00e9. En d&#8217;autres termes, plut\u00f4t que de suivre un plan fixe, les \u00e9quipes Scrum utilisent l&#8217;exp\u00e9rience r\u00e9elle et les observations [&hellip;]<\/p>\n","protected":false},"author":4,"featured_media":0,"parent":0,"menu_order":0,"comment_status":"closed","ping_status":"closed","template":"","meta":{"_themeisle_gutenberg_block_has_review":false,"footnotes":""},"_links":{"self":[{"href":"https:\/\/learnscrum.alexandrecadel.fr\/index.php\/wp-json\/wp\/v2\/pages\/261"}],"collection":[{"href":"https:\/\/learnscrum.alexandrecadel.fr\/index.php\/wp-json\/wp\/v2\/pages"}],"about":[{"href":"https:\/\/learnscrum.alexandrecadel.fr\/index.php\/wp-json\/wp\/v2\/types\/page"}],"author":[{"embeddable":true,"href":"https:\/\/learnscrum.alexandrecadel.fr\/index.php\/wp-json\/wp\/v2\/users\/4"}],"replies":[{"embeddable":true,"href":"https:\/\/learnscrum.alexandrecadel.fr\/index.php\/wp-json\/wp\/v2\/comments?post=261"}],"version-history":[{"count":53,"href":"https:\/\/learnscrum.alexandrecadel.fr\/index.php\/wp-json\/wp\/v2\/pages\/261\/revisions"}],"predecessor-version":[{"id":549,"href":"https:\/\/learnscrum.alexandrecadel.fr\/index.php\/wp-json\/wp\/v2\/pages\/261\/revisions\/549"}],"wp:attachment":[{"href":"https:\/\/learnscrum.alexandrecadel.fr\/index.php\/wp-json\/wp\/v2\/media?parent=261"}],"curies":[{"name":"wp","href":"https:\/\/api.w.org\/{rel}","templated":true}]}}