{"id":18,"date":"2023-09-13T10:33:41","date_gmt":"2023-09-13T08:33:41","guid":{"rendered":"https:\/\/learnscrum.alexandrecadel.fr\/?page_id=18"},"modified":"2023-10-16T20:38:41","modified_gmt":"2023-10-16T18:38:41","slug":"learn-scrum","status":"publish","type":"page","link":"https:\/\/learnscrum.alexandrecadel.fr\/","title":{"rendered":"Learn Scrum"},"content":{"rendered":"\t\t<div data-elementor-type=\"wp-page\" data-elementor-id=\"18\" class=\"elementor elementor-18\">\n\t\t\t\t\t\t\t<div class=\"elementor-element elementor-element-d660146 e-flex e-con-boxed e-con e-parent\" data-id=\"d660146\" data-element_type=\"container\" data-settings='{\"content_width\":\"boxed\"}' data-core-v316-plus=\"true\">\n\t\t\t\t\t<div class=\"e-con-inner\">\n\t\t\t\t\t<\/div>\n\t\t\t\t<\/div>\n\t\t<div class=\"elementor-element elementor-element-e60a700 e-flex e-con-boxed e-con e-parent\" data-id=\"e60a700\" data-element_type=\"container\" data-settings='{\"content_width\":\"boxed\"}' data-core-v316-plus=\"true\">\n\t\t\t\t\t<div class=\"e-con-inner\">\n\t\t\t\t<div class=\"elementor-element elementor-element-0d7dedb elementor-widget elementor-widget-heading\" data-id=\"0d7dedb\" data-element_type=\"widget\" data-widget_type=\"heading.default\">\n\t\t\t\t<div class=\"elementor-widget-container\">\n\t\t\t<style>\/*! elementor - v3.16.0 - 13-09-2023 *\/\n.elementor-heading-title{padding:0;margin:0;line-height:1}.elementor-widget-heading .elementor-heading-title[class*=elementor-size-]>a{color:inherit;font-size:inherit;line-height:inherit}.elementor-widget-heading .elementor-heading-title.elementor-size-small{font-size:15px}.elementor-widget-heading .elementor-heading-title.elementor-size-medium{font-size:19px}.elementor-widget-heading .elementor-heading-title.elementor-size-large{font-size:29px}.elementor-widget-heading .elementor-heading-title.elementor-size-xl{font-size:39px}.elementor-widget-heading .elementor-heading-title.elementor-size-xxl{font-size:59px}<\/style><h2 class=\"elementor-heading-title elementor-size-default\">Gestion d'un projet ax&eacute; sur le num&eacute;rique <\/h2>\t\t<\/div>\n\t\t\t\t<\/div>\n\t\t\t\t<div class=\"elementor-element elementor-element-163009d elementor-widget__width-initial elementor-widget elementor-widget-text-editor\" data-id=\"163009d\" data-element_type=\"widget\" data-widget_type=\"text-editor.default\">\n\t\t\t\t<div class=\"elementor-widget-container\">\n\t\t\t<style>\/*! elementor - v3.16.0 - 13-09-2023 *\/\n.elementor-widget-text-editor.elementor-drop-cap-view-stacked .elementor-drop-cap{background-color:#69727d;color:#fff}.elementor-widget-text-editor.elementor-drop-cap-view-framed .elementor-drop-cap{color:#69727d;border:3px solid;background-color:transparent}.elementor-widget-text-editor:not(.elementor-drop-cap-view-default) .elementor-drop-cap{margin-top:8px}.elementor-widget-text-editor:not(.elementor-drop-cap-view-default) .elementor-drop-cap-letter{width:1em;height:1em}.elementor-widget-text-editor .elementor-drop-cap{float:left;text-align:center;line-height:1;font-size:50px}.elementor-widget-text-editor .elementor-drop-cap-letter{display:inline-block}<\/style>\t\t\t\tLa gestion d&rsquo;un projet ax&eacute; sur le num&eacute;rique est <span class=\"green-color\">une approche sp&eacute;cifique <\/span> de la gestion de projet qui se concentre sur les aspects num&eacute;riques, tels que le d&eacute;veloppement de logiciels, la transformation num&eacute;rique, les produits technologiques&hellip;\n\n<br><br>\nElle implique l&rsquo;utilisation d&rsquo;outils et de <span class=\"green-color\"> m&eacute;thodologies adapt&eacute;s <\/span> aux besoins num&eacute;riques, comme la <span class=\"green-color\"> planification agile<\/span>, la gestion des risques li&eacute;s &agrave; la technologie, la collaboration en ligne, le suivi des indicateurs de performance num&eacute;rique, et l&rsquo;adaptabilit&eacute; aux changements technologiques rapides.\t\t\t\t\t\t<\/div>\n\t\t\t\t<\/div>\n\t\t\t\t\t<\/div>\n\t\t\t\t<\/div>\n\t\t<div class=\"elementor-element elementor-element-b869c63 e-flex e-con-boxed e-con e-parent\" data-id=\"b869c63\" data-element_type=\"container\" data-settings='{\"content_width\":\"boxed\"}' data-core-v316-plus=\"true\">\n\t\t\t\t\t<div class=\"e-con-inner\">\n\t\t\t\t<div class=\"elementor-element elementor-element-eb962df elementor-widget__width-initial elementor-widget elementor-widget-image\" data-id=\"eb962df\" data-element_type=\"widget\" data-widget_type=\"image.default\">\n\t\t\t\t<div class=\"elementor-widget-container\">\n\t\t\t<style>\/*! elementor - v3.16.0 - 13-09-2023 *\/\n.elementor-widget-image{text-align:center}.elementor-widget-image a{display:inline-block}.elementor-widget-image a img[src$=\".svg\"]{width:48px}.elementor-widget-image img{vertical-align:middle;display:inline-block}<\/style>\t\t\t\t\t\t\t\t\t\t\t\t<img decoding=\"async\" loading=\"lazy\" width=\"353\" height=\"860\" src=\"https:\/\/learnscrum.alexandrecadel.fr\/wp-content\/uploads\/2023\/10\/output-onlinepngtools-1.png\" class=\"attachment-large size-large wp-image-371\" alt=\"\" srcset=\"https:\/\/learnscrum.alexandrecadel.fr\/wp-content\/uploads\/2023\/10\/output-onlinepngtools-1.png 353w, https:\/\/learnscrum.alexandrecadel.fr\/wp-content\/uploads\/2023\/10\/output-onlinepngtools-1-123x300.png 123w\" sizes=\"(max-width: 353px) 100vw, 353px\">\t\t\t\t\t\t\t\t\t\t\t\t\t\t\t<\/div>\n\t\t\t\t<\/div>\n\t\t\t\t\t<\/div>\n\t\t\t\t<\/div>\n\t\t<div class=\"elementor-element elementor-element-438b0ca e-flex e-con-boxed e-con e-parent\" data-id=\"438b0ca\" data-element_type=\"container\" data-settings='{\"content_width\":\"boxed\"}' data-core-v316-plus=\"true\">\n\t\t\t\t\t<div class=\"e-con-inner\">\n\t\t\t\t<div class=\"elementor-element elementor-element-2cf5068 elementor-widget elementor-widget-heading\" data-id=\"2cf5068\" data-element_type=\"widget\" data-widget_type=\"heading.default\">\n\t\t\t\t<div class=\"elementor-widget-container\">\n\t\t\t<h2 class=\"elementor-heading-title elementor-size-default\">Les m&eacute;thodes agiles ?<\/h2>\t\t<\/div>\n\t\t\t\t<\/div>\n\t\t\t\t<div class=\"elementor-element elementor-element-58d5366 elementor-widget__width-initial elementor-widget elementor-widget-text-editor\" data-id=\"58d5366\" data-element_type=\"widget\" data-widget_type=\"text-editor.default\">\n\t\t\t\t<div class=\"elementor-widget-container\">\n\t\t\t\t\t\t\tLes m&eacute;thodes agiles sont des approches de gestion de projet qui mettent l&rsquo;accent sur la <span class=\"green-color\">flexibilit&eacute; <\/span>, la <span class=\"green-color\">collaboration <\/span>et la <span class=\"green-color\">r&eacute;activit&eacute; aux changements<\/span>.\n\nElles favorisent des cycles de d&eacute;veloppement it&eacute;ratifs et incr&eacute;mentiels, une communication constante avec les parties prenantes, et la livraison fr&eacute;quente de produits fonctionnels.\t\t\t\t\t\t<\/div>\n\t\t\t\t<\/div>\n\t\t\t\t\t<\/div>\n\t\t\t\t<\/div>\n\t\t<div class=\"elementor-element elementor-element-04a0c16 e-flex e-con-boxed e-con e-parent\" data-id=\"04a0c16\" data-element_type=\"container\" data-settings='{\"content_width\":\"boxed\"}' data-core-v316-plus=\"true\">\n\t\t\t\t\t<div class=\"e-con-inner\">\n\t\t\t\t<div class=\"elementor-element elementor-element-47e6770 elementor-widget elementor-widget-image\" data-id=\"47e6770\" data-element_type=\"widget\" data-widget_type=\"image.default\">\n\t\t\t\t<div class=\"elementor-widget-container\">\n\t\t\t\t\t\t\t\t\t\t\t\t\t\t\t<img decoding=\"async\" loading=\"lazy\" width=\"353\" height=\"860\" src=\"https:\/\/learnscrum.alexandrecadel.fr\/wp-content\/uploads\/2023\/10\/output-onlinepngtools-1.png\" class=\"attachment-large size-large wp-image-371\" alt=\"\" srcset=\"https:\/\/learnscrum.alexandrecadel.fr\/wp-content\/uploads\/2023\/10\/output-onlinepngtools-1.png 353w, https:\/\/learnscrum.alexandrecadel.fr\/wp-content\/uploads\/2023\/10\/output-onlinepngtools-1-123x300.png 123w\" sizes=\"(max-width: 353px) 100vw, 353px\">\t\t\t\t\t\t\t\t\t\t\t\t\t\t\t<\/div>\n\t\t\t\t<\/div>\n\t\t\t\t<div class=\"elementor-element elementor-element-d9d61d8 elementor-align-center elementor-widget elementor-widget-button\" data-id=\"d9d61d8\" data-element_type=\"widget\" data-widget_type=\"button.default\">\n\t\t\t\t<div class=\"elementor-widget-container\">\n\t\t\t\t\t<div class=\"elementor-button-wrapper\">\n\t\t\t<a class=\"elementor-button elementor-button-link elementor-size-lg\" href=\"https:\/\/learnscrum.alexandrecadel.fr\/index.php\/chap-1-piliers-de-scrum\/\">\n\t\t\t\t\t\t<span class=\"elementor-button-content-wrapper\">\n\t\t\t\t\t\t<span class=\"elementor-button-text\">D&eacute;couvrez Scrum gr&acirc;ce &agrave; nos cours num&eacute;riques<\/span>\n\t\t<\/span>\n\t\t\t\t\t<\/a>\n\t\t<\/div>\n\t\t\t\t<\/div>\n\t\t\t\t<\/div>\n\t\t\t\t\t<\/div>\n\t\t\t\t<\/div>\n\t\t\t\t\t\t\t<\/div>\n\t\t","protected":false},"excerpt":{"rendered":"<p>Gestion d&#8217;un projet ax\u00e9 sur le num\u00e9rique La gestion d&#8217;un projet ax\u00e9 sur le num\u00e9rique est une approche sp\u00e9cifique de la gestion de projet qui se concentre sur les aspects num\u00e9riques, tels que le d\u00e9veloppement de logiciels, la transformation num\u00e9rique, les produits technologiques&#8230; Elle implique l&#8217;utilisation d&#8217;outils et de m\u00e9thodologies adapt\u00e9s aux besoins num\u00e9riques, comme [&hellip;]<\/p>\n","protected":false},"author":1,"featured_media":0,"parent":0,"menu_order":0,"comment_status":"closed","ping_status":"closed","template":"","meta":{"_themeisle_gutenberg_block_has_review":false,"footnotes":""},"_links":{"self":[{"href":"https:\/\/learnscrum.alexandrecadel.fr\/index.php\/wp-json\/wp\/v2\/pages\/18"}],"collection":[{"href":"https:\/\/learnscrum.alexandrecadel.fr\/index.php\/wp-json\/wp\/v2\/pages"}],"about":[{"href":"https:\/\/learnscrum.alexandrecadel.fr\/index.php\/wp-json\/wp\/v2\/types\/page"}],"author":[{"embeddable":true,"href":"https:\/\/learnscrum.alexandrecadel.fr\/index.php\/wp-json\/wp\/v2\/users\/1"}],"replies":[{"embeddable":true,"href":"https:\/\/learnscrum.alexandrecadel.fr\/index.php\/wp-json\/wp\/v2\/comments?post=18"}],"version-history":[{"count":106,"href":"https:\/\/learnscrum.alexandrecadel.fr\/index.php\/wp-json\/wp\/v2\/pages\/18\/revisions"}],"predecessor-version":[{"id":585,"href":"https:\/\/learnscrum.alexandrecadel.fr\/index.php\/wp-json\/wp\/v2\/pages\/18\/revisions\/585"}],"wp:attachment":[{"href":"https:\/\/learnscrum.alexandrecadel.fr\/index.php\/wp-json\/wp\/v2\/media?parent=18"}],"curies":[{"name":"wp","href":"https:\/\/api.w.org\/{rel}","templated":true}]}}