{"id":132,"date":"2023-10-12T08:41:47","date_gmt":"2023-10-12T06:41:47","guid":{"rendered":"https:\/\/learnscrum.alexandrecadel.fr\/?page_id=132"},"modified":"2023-10-16T11:28:33","modified_gmt":"2023-10-16T09:28:33","slug":"chap-1","status":"publish","type":"page","link":"https:\/\/learnscrum.alexandrecadel.fr\/index.php\/chap-1\/","title":{"rendered":"Chap 2 &#8211; Les r\u00f4les cl\u00e9s"},"content":{"rendered":"\t\t<div data-elementor-type=\"wp-page\" data-elementor-id=\"132\" class=\"elementor elementor-132\">\n\t\t\t\t\t\t\t<div class=\"elementor-element elementor-element-a1fb9c8 e-flex e-con-boxed e-con e-parent\" data-id=\"a1fb9c8\" data-element_type=\"container\" data-settings='{\"content_width\":\"boxed\"}' data-core-v316-plus=\"true\">\n\t\t\t\t\t<div class=\"e-con-inner\">\n\t\t\t\t<div class=\"elementor-element elementor-element-ced5866 elementor-widget elementor-widget-heading\" data-id=\"ced5866\" data-element_type=\"widget\" data-widget_type=\"heading.default\">\n\t\t\t\t<div class=\"elementor-widget-container\">\n\t\t\t<style>\/*! elementor - v3.16.0 - 13-09-2023 *\/\n.elementor-heading-title{padding:0;margin:0;line-height:1}.elementor-widget-heading .elementor-heading-title[class*=elementor-size-]>a{color:inherit;font-size:inherit;line-height:inherit}.elementor-widget-heading .elementor-heading-title.elementor-size-small{font-size:15px}.elementor-widget-heading .elementor-heading-title.elementor-size-medium{font-size:19px}.elementor-widget-heading .elementor-heading-title.elementor-size-large{font-size:29px}.elementor-widget-heading .elementor-heading-title.elementor-size-xl{font-size:39px}.elementor-widget-heading .elementor-heading-title.elementor-size-xxl{font-size:59px}<\/style><h2 class=\"elementor-heading-title elementor-size-default\">Chapitre 2 : <span class=\"green-color\">Les r&ocirc;les cl&eacute;s de la m&eacute;thode Scrum<\/span><\/h2>\t\t<\/div>\n\t\t\t\t<\/div>\n\t\t\t\t\t<\/div>\n\t\t\t\t<\/div>\n\t\t<div class=\"elementor-element elementor-element-cfa3bbf e-flex e-con-boxed e-con e-parent\" data-id=\"cfa3bbf\" data-element_type=\"container\" data-settings='{\"content_width\":\"boxed\"}' data-core-v316-plus=\"true\">\n\t\t\t\t\t<div class=\"e-con-inner\">\n\t\t<div class=\"elementor-element elementor-element-8794b6e e-con-full e-flex e-con e-child\" data-id=\"8794b6e\" data-element_type=\"container\" data-settings='{\"content_width\":\"full\"}'>\n\t\t\t\t<div class=\"elementor-element elementor-element-1399f3b elementor-widget__width-initial elementor-widget elementor-widget-image\" data-id=\"1399f3b\" data-element_type=\"widget\" data-widget_type=\"image.default\">\n\t\t\t\t<div class=\"elementor-widget-container\">\n\t\t\t<style>\/*! elementor - v3.16.0 - 13-09-2023 *\/\n.elementor-widget-image{text-align:center}.elementor-widget-image a{display:inline-block}.elementor-widget-image a img[src$=\".svg\"]{width:48px}.elementor-widget-image img{vertical-align:middle;display:inline-block}<\/style>\t\t\t\t\t\t\t\t\t\t\t\t<img decoding=\"async\" loading=\"lazy\" width=\"521\" height=\"798\" src=\"https:\/\/learnscrum.alexandrecadel.fr\/wp-content\/uploads\/2023\/10\/Fichier-5@300x-1.png\" class=\"attachment-large size-large wp-image-151\" alt=\"\" srcset=\"https:\/\/learnscrum.alexandrecadel.fr\/wp-content\/uploads\/2023\/10\/Fichier-5@300x-1.png 521w, https:\/\/learnscrum.alexandrecadel.fr\/wp-content\/uploads\/2023\/10\/Fichier-5@300x-1-196x300.png 196w\" sizes=\"(max-width: 521px) 100vw, 521px\">\t\t\t\t\t\t\t\t\t\t\t\t\t\t\t<\/div>\n\t\t\t\t<\/div>\n\t\t\t\t<\/div>\n\t\t<div class=\"elementor-element elementor-element-78437ed e-con-full e-flex e-con e-child\" data-id=\"78437ed\" data-element_type=\"container\" data-settings='{\"content_width\":\"full\"}'>\n\t\t\t\t<div class=\"elementor-element elementor-element-037333f elementor-widget__width-initial elementor-widget elementor-widget-image\" data-id=\"037333f\" data-element_type=\"widget\" data-widget_type=\"image.default\">\n\t\t\t\t<div class=\"elementor-widget-container\">\n\t\t\t\t\t\t\t\t\t\t\t\t\t\t\t<img decoding=\"async\" loading=\"lazy\" width=\"625\" height=\"530\" src=\"https:\/\/learnscrum.alexandrecadel.fr\/wp-content\/uploads\/2023\/10\/scrum-master-1.png\" class=\"attachment-large size-large wp-image-312\" alt=\"\" srcset=\"https:\/\/learnscrum.alexandrecadel.fr\/wp-content\/uploads\/2023\/10\/scrum-master-1.png 625w, https:\/\/learnscrum.alexandrecadel.fr\/wp-content\/uploads\/2023\/10\/scrum-master-1-300x254.png 300w\" sizes=\"(max-width: 625px) 100vw, 625px\">\t\t\t\t\t\t\t\t\t\t\t\t\t\t\t<\/div>\n\t\t\t\t<\/div>\n\t\t\t\t<\/div>\n\t\t<div class=\"elementor-element elementor-element-02c0f8e e-con-full e-flex e-con e-child\" data-id=\"02c0f8e\" data-element_type=\"container\" data-settings='{\"content_width\":\"full\"}'>\n\t\t\t\t<div class=\"elementor-element elementor-element-fce0514 elementor-widget__width-initial elementor-widget elementor-widget-image\" data-id=\"fce0514\" data-element_type=\"widget\" data-widget_type=\"image.default\">\n\t\t\t\t<div class=\"elementor-widget-container\">\n\t\t\t\t\t\t\t\t\t\t\t\t\t\t\t<img decoding=\"async\" loading=\"lazy\" width=\"532\" height=\"533\" src=\"https:\/\/learnscrum.alexandrecadel.fr\/wp-content\/uploads\/2023\/10\/Fichier-1@300x-1.png\" class=\"attachment-large size-large wp-image-150\" alt=\"\" srcset=\"https:\/\/learnscrum.alexandrecadel.fr\/wp-content\/uploads\/2023\/10\/Fichier-1@300x-1.png 532w, https:\/\/learnscrum.alexandrecadel.fr\/wp-content\/uploads\/2023\/10\/Fichier-1@300x-1-300x300.png 300w, https:\/\/learnscrum.alexandrecadel.fr\/wp-content\/uploads\/2023\/10\/Fichier-1@300x-1-150x150.png 150w\" sizes=\"(max-width: 532px) 100vw, 532px\">\t\t\t\t\t\t\t\t\t\t\t\t\t\t\t<\/div>\n\t\t\t\t<\/div>\n\t\t\t\t<\/div>\n\t\t\t\t\t<\/div>\n\t\t\t\t<\/div>\n\t\t<div class=\"elementor-element elementor-element-0cc4bf3 e-flex e-con-boxed e-con e-parent\" data-id=\"0cc4bf3\" data-element_type=\"container\" data-settings='{\"content_width\":\"boxed\"}' data-core-v316-plus=\"true\">\n\t\t\t\t\t<div class=\"e-con-inner\">\n\t\t<div class=\"elementor-element elementor-element-ef0c5a4 e-con-full e-flex e-con e-child\" data-id=\"ef0c5a4\" data-element_type=\"container\" data-settings='{\"content_width\":\"full\"}'>\n\t\t\t\t<div class=\"elementor-element elementor-element-105dfe7 elementor-widget__width-initial elementor-widget elementor-widget-accordion\" data-id=\"105dfe7\" data-element_type=\"widget\" data-widget_type=\"accordion.default\">\n\t\t\t\t<div class=\"elementor-widget-container\">\n\t\t\t<style>\/*! elementor - v3.16.0 - 13-09-2023 *\/\n.elementor-accordion{text-align:left}.elementor-accordion .elementor-accordion-item{border:1px solid #d5d8dc}.elementor-accordion .elementor-accordion-item+.elementor-accordion-item{border-top:none}.elementor-accordion .elementor-tab-title{margin:0;padding:15px 20px;font-weight:700;line-height:1;cursor:pointer;outline:none}.elementor-accordion .elementor-tab-title .elementor-accordion-icon{display:inline-block;width:1.5em}.elementor-accordion .elementor-tab-title .elementor-accordion-icon svg{width:1em;height:1em}.elementor-accordion .elementor-tab-title .elementor-accordion-icon.elementor-accordion-icon-right{float:right;text-align:right}.elementor-accordion .elementor-tab-title .elementor-accordion-icon.elementor-accordion-icon-left{float:left;text-align:left}.elementor-accordion .elementor-tab-title .elementor-accordion-icon .elementor-accordion-icon-closed{display:block}.elementor-accordion .elementor-tab-title .elementor-accordion-icon .elementor-accordion-icon-opened,.elementor-accordion .elementor-tab-title.elementor-active .elementor-accordion-icon-closed{display:none}.elementor-accordion .elementor-tab-title.elementor-active .elementor-accordion-icon-opened{display:block}.elementor-accordion .elementor-tab-content{display:none;padding:15px 20px;border-top:1px solid #d5d8dc}@media (max-width:767px){.elementor-accordion .elementor-tab-title{padding:12px 15px}.elementor-accordion .elementor-tab-title .elementor-accordion-icon{width:1.2em}.elementor-accordion .elementor-tab-content{padding:7px 15px}}.e-con-inner>.elementor-widget-accordion,.e-con>.elementor-widget-accordion{width:var(--container-widget-width);--flex-grow:var(--container-widget-flex-grow)}<\/style>\t\t<div class=\"elementor-accordion\">\n\t\t\t\t\t\t\t<div class=\"elementor-accordion-item\">\n\t\t\t\t\t<div id=\"elementor-tab-title-1711\" class=\"elementor-tab-title\" data-tab=\"1\" role=\"button\" aria-controls=\"elementor-tab-content-1711\" aria-expanded=\"false\">\n\t\t\t\t\t\t\t\t\t\t\t\t\t<span class=\"elementor-accordion-icon elementor-accordion-icon-right\" aria-hidden=\"true\">\n\t\t\t\t\t\t\t\t\t\t\t\t\t\t\t<span class=\"elementor-accordion-icon-closed\"><i class=\"fas fa-angle-double-down\"><\/i><\/span>\n\t\t\t\t\t\t\t\t<span class=\"elementor-accordion-icon-opened\"><i class=\"fas fa-angle-double-up\"><\/i><\/span>\n\t\t\t\t\t\t\t\t\t\t\t\t\t\t<\/span>\n\t\t\t\t\t\t\t\t\t\t\t\t<a class=\"elementor-accordion-title\" tabindex=\"0\">       PRODUCT OWNER<\/a>\n\t\t\t\t\t<\/div>\n\t\t\t\t\t<div id=\"elementor-tab-content-1711\" class=\"elementor-tab-content elementor-clearfix\" data-tab=\"1\" role=\"region\" aria-labelledby=\"elementor-tab-title-1711\"><p>L&rsquo;un des acteurs principal de la m&eacute;thode Scrum, il incarne <span class=\"green-color\">la voix des parties prenantes<\/span>&nbsp;au sein de l&rsquo;&eacute;quipe de d&eacute;veloppement.<\/p><p>Sa responsabilit&eacute; est de d&eacute;finir les <span class=\"green-color\">priorit&eacute;s du projet<\/span>, de maintenir un backlog de t&acirc;ches ordonn&eacute;, et de s&rsquo;assurer que le produit final r&eacute;pond aux <span class=\"green-color\">besoins du client<\/span>.<\/p><p>Sa <span class=\"green-color\">communication efficace<\/span> et sa capacit&eacute; &agrave; prendre des d&eacute;cisions sont <span class=\"green-color\">essentielles<\/span> pour le succ&egrave;s de tout projet.<\/p><\/div>\n\t\t\t\t<\/div>\n\t\t\t\t\t\t\t\t<\/div>\n\t\t\t\t<\/div>\n\t\t\t\t<\/div>\n\t\t\t\t<\/div>\n\t\t<div class=\"elementor-element elementor-element-c45b9e4 e-con-full e-flex e-con e-child\" data-id=\"c45b9e4\" data-element_type=\"container\" data-settings='{\"content_width\":\"full\"}'>\n\t\t\t\t<div class=\"elementor-element elementor-element-173f92d elementor-widget__width-initial elementor-widget elementor-widget-accordion\" data-id=\"173f92d\" data-element_type=\"widget\" data-widget_type=\"accordion.default\">\n\t\t\t\t<div class=\"elementor-widget-container\">\n\t\t\t\t\t<div class=\"elementor-accordion\">\n\t\t\t\t\t\t\t<div class=\"elementor-accordion-item\">\n\t\t\t\t\t<div id=\"elementor-tab-title-2431\" class=\"elementor-tab-title\" data-tab=\"1\" role=\"button\" aria-controls=\"elementor-tab-content-2431\" aria-expanded=\"false\">\n\t\t\t\t\t\t\t\t\t\t\t\t\t<span class=\"elementor-accordion-icon elementor-accordion-icon-right\" aria-hidden=\"true\">\n\t\t\t\t\t\t\t\t\t\t\t\t\t\t\t<span class=\"elementor-accordion-icon-closed\"><i class=\"fas fa-angle-double-down\"><\/i><\/span>\n\t\t\t\t\t\t\t\t<span class=\"elementor-accordion-icon-opened\"><i class=\"fas fa-angle-double-up\"><\/i><\/span>\n\t\t\t\t\t\t\t\t\t\t\t\t\t\t<\/span>\n\t\t\t\t\t\t\t\t\t\t\t\t<a class=\"elementor-accordion-title\" tabindex=\"0\">SCRUM MASTER<\/a>\n\t\t\t\t\t<\/div>\n\t\t\t\t\t<div id=\"elementor-tab-content-2431\" class=\"elementor-tab-content elementor-clearfix\" data-tab=\"1\" role=\"region\" aria-labelledby=\"elementor-tab-title-2431\"><p>Un autre acteur central de la m&eacute;thode Scrum. Son r&ocirc;le principal est de veiller &agrave; l&rsquo;application correcte des<span class=\"green-color\"> principes Scrum<\/span> au sein de l&rsquo;&eacute;quipe de d&eacute;veloppement.<\/p><p>Il agit comme un <span class=\"green-color\">facilitateur<\/span> et un <span class=\"green-color\">coach<\/span>, garantissant que l&rsquo;&eacute;quipe respecte les rituels Scrum, r&eacute;sout les obstacles, et maintient un <span class=\"green-color\">flux de travail fluide<\/span>.<\/p><\/div>\n\t\t\t\t<\/div>\n\t\t\t\t\t\t\t\t<\/div>\n\t\t\t\t<\/div>\n\t\t\t\t<\/div>\n\t\t\t\t<\/div>\n\t\t<div class=\"elementor-element elementor-element-3c10f42 e-con-full e-flex e-con e-child\" data-id=\"3c10f42\" data-element_type=\"container\" data-settings='{\"content_width\":\"full\"}'>\n\t\t\t\t<div class=\"elementor-element elementor-element-e475763 elementor-widget__width-initial elementor-widget elementor-widget-accordion\" data-id=\"e475763\" data-element_type=\"widget\" data-widget_type=\"accordion.default\">\n\t\t\t\t<div class=\"elementor-widget-container\">\n\t\t\t\t\t<div class=\"elementor-accordion\">\n\t\t\t\t\t\t\t<div class=\"elementor-accordion-item\">\n\t\t\t\t\t<div id=\"elementor-tab-title-2391\" class=\"elementor-tab-title\" data-tab=\"1\" role=\"button\" aria-controls=\"elementor-tab-content-2391\" aria-expanded=\"false\">\n\t\t\t\t\t\t\t\t\t\t\t\t\t<span class=\"elementor-accordion-icon elementor-accordion-icon-right\" aria-hidden=\"true\">\n\t\t\t\t\t\t\t\t\t\t\t\t\t\t\t<span class=\"elementor-accordion-icon-closed\"><i class=\"fas fa-angle-double-down\"><\/i><\/span>\n\t\t\t\t\t\t\t\t<span class=\"elementor-accordion-icon-opened\"><i class=\"fas fa-angle-double-up\"><\/i><\/span>\n\t\t\t\t\t\t\t\t\t\t\t\t\t\t<\/span>\n\t\t\t\t\t\t\t\t\t\t\t\t<a class=\"elementor-accordion-title\" tabindex=\"0\">&Eacute;QUIPE DE D&Eacute;VELOPPEMENT<\/a>\n\t\t\t\t\t<\/div>\n\t\t\t\t\t<div id=\"elementor-tab-content-2391\" class=\"elementor-tab-content elementor-clearfix\" data-tab=\"1\" role=\"region\" aria-labelledby=\"elementor-tab-title-2391\"><p>L&rsquo;&eacute;quipe de d&eacute;veloppement est le <span class=\"green-color\">moteur<\/span> de tout projet Scrum.&nbsp;<\/p><p>Compos&eacute;e de professionnels <span class=\"green-color\">autonomes<\/span> et <span class=\"green-color\">multidisciplinaires<\/span>, sa principale mission est de cr&eacute;er les fonctionnalit&eacute;s et les produits conform&eacute;ment aux <span class=\"green-color\">besoins exprim&eacute;s<\/span> dans le backlog.<\/p><p>L&rsquo;&eacute;quipe est <span class=\"green-color\">auto-organis&eacute;e<\/span>, ce qui signifie qu&rsquo;elle d&eacute;cide de la meilleure fa&ccedil;on de travailler pour atteindre <span class=\"green-color\">les objectifs du sprint<\/span>.<\/p><\/div>\n\t\t\t\t<\/div>\n\t\t\t\t\t\t\t\t<\/div>\n\t\t\t\t<\/div>\n\t\t\t\t<\/div>\n\t\t\t\t<\/div>\n\t\t\t\t\t<\/div>\n\t\t\t\t<\/div>\n\t\t\t\t\t\t\t<\/div>\n\t\t","protected":false},"excerpt":{"rendered":"<p>Chapitre 2 : Les r\u00f4les cl\u00e9s de la m\u00e9thode Scrum PRODUCT OWNER L&rsquo;un des acteurs principal de la m&eacute;thode Scrum, il incarne la voix des parties prenantes&nbsp;au sein de l&rsquo;&eacute;quipe de d&eacute;veloppement. Sa responsabilit&eacute; est de d&eacute;finir les priorit&eacute;s du projet, de maintenir un backlog de t&acirc;ches ordonn&eacute;, et de s&rsquo;assurer que le produit final [&hellip;]<\/p>\n","protected":false},"author":4,"featured_media":0,"parent":0,"menu_order":0,"comment_status":"closed","ping_status":"closed","template":"","meta":{"_themeisle_gutenberg_block_has_review":false,"footnotes":""},"_links":{"self":[{"href":"https:\/\/learnscrum.alexandrecadel.fr\/index.php\/wp-json\/wp\/v2\/pages\/132"}],"collection":[{"href":"https:\/\/learnscrum.alexandrecadel.fr\/index.php\/wp-json\/wp\/v2\/pages"}],"about":[{"href":"https:\/\/learnscrum.alexandrecadel.fr\/index.php\/wp-json\/wp\/v2\/types\/page"}],"author":[{"embeddable":true,"href":"https:\/\/learnscrum.alexandrecadel.fr\/index.php\/wp-json\/wp\/v2\/users\/4"}],"replies":[{"embeddable":true,"href":"https:\/\/learnscrum.alexandrecadel.fr\/index.php\/wp-json\/wp\/v2\/comments?post=132"}],"version-history":[{"count":101,"href":"https:\/\/learnscrum.alexandrecadel.fr\/index.php\/wp-json\/wp\/v2\/pages\/132\/revisions"}],"predecessor-version":[{"id":537,"href":"https:\/\/learnscrum.alexandrecadel.fr\/index.php\/wp-json\/wp\/v2\/pages\/132\/revisions\/537"}],"wp:attachment":[{"href":"https:\/\/learnscrum.alexandrecadel.fr\/index.php\/wp-json\/wp\/v2\/media?parent=132"}],"curies":[{"name":"wp","href":"https:\/\/api.w.org\/{rel}","templated":true}]}}